{"id":393,"date":"2017-12-27T10:26:04","date_gmt":"2017-12-27T09:26:04","guid":{"rendered":"https:\/\/katholisch-friedrichshafen.comlounge.dev\/stpetruscanisius\/?page_id=393"},"modified":"2025-11-15T18:23:09","modified_gmt":"2025-11-15T17:23:09","slug":"mission-entwicklung-frieden-polozk","status":"publish","type":"page","link":"https:\/\/katholisch-friedrichshafen.de\/stpetruscanisius\/unsere-gruppen-und-angebote\/mission-entwicklung-frieden-polozk\/","title":{"rendered":"Mission Entwicklung Frieden Polozk (MEFP)"},"content":{"rendered":"<h2>Mission Entwicklung Frieden Polozk (MEFP)<\/h2>\n<p>Der Arbeitskreis ist eine Einrichtung der Katholischen Gesamtkirchengemeinde Friedrichshafen.\u00a0Schwerpunktm\u00e4\u00dfig ist der Ausschuss und die Aktionen in der Kirchengemeinde St.Petrus Canisius angesiedelt. Aufgabe ist der Beziehungsaufbau und die Kontaktpflege sowie die Unterst\u00fctzung der Menschen in den Partnerst\u00e4dten der Stadt Friedrichshafen in Wei\u00dfrussland<\/p>\n<ul>\n<li>Polozk<\/li>\n<li>Novo Polozk<\/li>\n<\/ul>\n<p>Einen sch\u00f6nen Einblick in die segensreiche Arbeit der Sozialstationen gibt der folgende Film: <a href=\"https:\/\/www.youtube.com\/watch?v=yvYMA6v7dZ8\" target=\"_blank\" rel=\"noopener\">https:\/\/www.youtube.com\/watch?v=yvYMA6v7dZ8<\/a><\/p>\n<p>Im Einzelnen geht es um<\/p>\n<ul>\n<li>Finanzielle Unterst\u00fctzung beider Schwesternkonvente und deren Arbeit in den Sozialstationen<\/li>\n<li>Finanzielle Unterst\u00fctzung der Katechese f\u00fcr Kinder\/Jugendliche\/Erwachsene<\/li>\n<li>Aufbau eines Krankenpflegenetzwerks in beiden Gemeinden<\/li>\n<li>Unterst\u00fctzung von Familien in Polozk und Novopolozk<\/li>\n<li>Projekte der Jugendarbeit\/Jugendaustausch<\/li>\n<li>\u00d6ffentlichkeitsarbeit<\/li>\n<li>Kontaktpflege zu den Christinnen und Christen in Belarus<\/li>\n<\/ul>\n<p>Neben finanzieller Unterst\u00fctzung, suchen wir auch personelle Unterst\u00fctzung in unserem Ausschuss. Wir treffen uns 3-4 mal im Jahr und planen verschiedene Aktionen, die hoffentlich in Zukunft wieder stattfinden k\u00f6nnen.<\/p>\n<p>Wenn Sie jemanden kennen oder selber mitdenken und mitarbeiten wollen, melden Sie sich gerne bei der Ansprechpartnerin Sabrina Hornikel unter 07541\/24056.<\/p>\n<p>Spenden k\u00f6nnen jederzeit auf das folgende Konto \u00fcberwiesen werden. Wenn Sie auf die \u00dcberweisung eine Adresse schreiben, bekommen Sie eine Spendenbescheinigung zugeschickt.<\/p>\n<p>Katholischen Gesamtkirchengemeinde<br \/>\nKennwort: Spende Polozk.<br \/>\nSparkasse Bodensee IBAN DE52 6905 0001 0020 1138 90<\/p>\n<p>Vergelt&#8217;s Gott.<\/p>\n<hr \/>\n","protected":false},"excerpt":{"rendered":"<p>Mission Entwicklung Frieden Polozk (MEFP) Der Arbeitskreis ist eine Einrichtung der Katholischen Gesamtkirchengemeinde Friedrichshafen.\u00a0Schwerpunktm\u00e4\u00dfig ist der Ausschuss und die Aktionen in der Kirchengemeinde St.Petrus Canisius angesiedelt. Aufgabe ist der Beziehungsaufbau und die Kontaktpflege sowie die Unterst\u00fctzung der Menschen in den Partnerst\u00e4dten der Stadt Friedrichshafen in Wei\u00dfrussland Polozk Novo Polozk Einen sch\u00f6nen Einblick in die segensreiche &hellip;<\/p>\n","protected":false},"author":16,"featured_media":3002,"parent":166,"menu_order":5,"comment_status":"closed","ping_status":"closed","template":"","meta":{"_acf_changed":false,"footnotes":""},"class_list":["post-393","page","type-page","status-publish","has-post-thumbnail","hentry","einrichtung-st-petrus-canisius"],"acf":[],"yoast_head":"<!-- This site is optimized with the Yoast SEO plugin v27.5 - https:\/\/yoast.com\/product\/yoast-seo-wordpress\/ -->\n<title>Mission Entwicklung Frieden Polozk (MEFP) - St. Petrus Canisius<\/title>\n<meta name=\"robots\" content=\"index, follow, max-snippet:-1, max-image-preview:large, max-video-preview:-1\" \/>\n<link rel=\"canonical\" href=\"https:\/\/katholisch-friedrichshafen.de\/stpetruscanisius\/unsere-gruppen-und-angebote\/mission-entwicklung-frieden-polozk\/\" \/>\n<meta property=\"og:locale\" content=\"de_DE\" \/>\n<meta property=\"og:type\" content=\"article\" \/>\n<meta property=\"og:title\" content=\"Mission Entwicklung Frieden Polozk (MEFP) - St. Petrus Canisius\" \/>\n<meta property=\"og:description\" content=\"Mission Entwicklung Frieden Polozk (MEFP) Der Arbeitskreis ist eine Einrichtung der Katholischen Gesamtkirchengemeinde Friedrichshafen.\u00a0Schwerpunktm\u00e4\u00dfig ist der Ausschuss und die Aktionen in der Kirchengemeinde St.Petrus Canisius angesiedelt. Aufgabe ist der Beziehungsaufbau und die Kontaktpflege sowie die Unterst\u00fctzung der Menschen in den Partnerst\u00e4dten der Stadt Friedrichshafen in Wei\u00dfrussland Polozk Novo Polozk Einen sch\u00f6nen Einblick in die segensreiche &hellip;\" \/>\n<meta property=\"og:url\" content=\"https:\/\/katholisch-friedrichshafen.de\/stpetruscanisius\/unsere-gruppen-und-angebote\/mission-entwicklung-frieden-polozk\/\" \/>\n<meta property=\"og:site_name\" content=\"St. Petrus Canisius\" \/>\n<meta property=\"article:modified_time\" content=\"2025-11-15T17:23:09+00:00\" \/>\n<meta property=\"og:image\" content=\"https:\/\/katholisch-friedrichshafen.de\/stpetruscanisius\/wp-content\/uploads\/sites\/2\/2025\/11\/MEFP.jpg\" \/>\n\t<meta property=\"og:image:width\" content=\"1024\" \/>\n\t<meta property=\"og:image:height\" content=\"333\" \/>\n\t<meta property=\"og:image:type\" content=\"image\/jpeg\" \/>\n<meta name=\"twitter:card\" content=\"summary_large_image\" \/>\n<meta name=\"twitter:label1\" content=\"Gesch\u00e4tzte Lesezeit\" \/>\n\t<meta name=\"twitter:data1\" content=\"2\u00a0Minuten\" \/>\n<script type=\"application\/ld+json\" class=\"yoast-schema-graph\">{\"@context\":\"https:\\\/\\\/schema.org\",\"@graph\":[{\"@type\":\"WebPage\",\"@id\":\"https:\\\/\\\/katholisch-friedrichshafen.de\\\/stpetruscanisius\\\/unsere-gruppen-und-angebote\\\/mission-entwicklung-frieden-polozk\\\/\",\"url\":\"https:\\\/\\\/katholisch-friedrichshafen.de\\\/stpetruscanisius\\\/unsere-gruppen-und-angebote\\\/mission-entwicklung-frieden-polozk\\\/\",\"name\":\"Mission Entwicklung Frieden Polozk (MEFP) - St. Petrus Canisius\",\"isPartOf\":{\"@id\":\"https:\\\/\\\/katholisch-friedrichshafen.de\\\/stpetruscanisius\\\/#website\"},\"primaryImageOfPage\":{\"@id\":\"https:\\\/\\\/katholisch-friedrichshafen.de\\\/stpetruscanisius\\\/unsere-gruppen-und-angebote\\\/mission-entwicklung-frieden-polozk\\\/#primaryimage\"},\"image\":{\"@id\":\"https:\\\/\\\/katholisch-friedrichshafen.de\\\/stpetruscanisius\\\/unsere-gruppen-und-angebote\\\/mission-entwicklung-frieden-polozk\\\/#primaryimage\"},\"thumbnailUrl\":\"https:\\\/\\\/katholisch-friedrichshafen.de\\\/stpetruscanisius\\\/wp-content\\\/uploads\\\/sites\\\/2\\\/2025\\\/11\\\/MEFP.jpg\",\"datePublished\":\"2017-12-27T09:26:04+00:00\",\"dateModified\":\"2025-11-15T17:23:09+00:00\",\"breadcrumb\":{\"@id\":\"https:\\\/\\\/katholisch-friedrichshafen.de\\\/stpetruscanisius\\\/unsere-gruppen-und-angebote\\\/mission-entwicklung-frieden-polozk\\\/#breadcrumb\"},\"inLanguage\":\"de\",\"potentialAction\":[{\"@type\":\"ReadAction\",\"target\":[\"https:\\\/\\\/katholisch-friedrichshafen.de\\\/stpetruscanisius\\\/unsere-gruppen-und-angebote\\\/mission-entwicklung-frieden-polozk\\\/\"]}]},{\"@type\":\"ImageObject\",\"inLanguage\":\"de\",\"@id\":\"https:\\\/\\\/katholisch-friedrichshafen.de\\\/stpetruscanisius\\\/unsere-gruppen-und-angebote\\\/mission-entwicklung-frieden-polozk\\\/#primaryimage\",\"url\":\"https:\\\/\\\/katholisch-friedrichshafen.de\\\/stpetruscanisius\\\/wp-content\\\/uploads\\\/sites\\\/2\\\/2025\\\/11\\\/MEFP.jpg\",\"contentUrl\":\"https:\\\/\\\/katholisch-friedrichshafen.de\\\/stpetruscanisius\\\/wp-content\\\/uploads\\\/sites\\\/2\\\/2025\\\/11\\\/MEFP.jpg\",\"width\":1024,\"height\":333},{\"@type\":\"BreadcrumbList\",\"@id\":\"https:\\\/\\\/katholisch-friedrichshafen.de\\\/stpetruscanisius\\\/unsere-gruppen-und-angebote\\\/mission-entwicklung-frieden-polozk\\\/#breadcrumb\",\"itemListElement\":[{\"@type\":\"ListItem\",\"position\":1,\"name\":\"Startseite\",\"item\":\"https:\\\/\\\/katholisch-friedrichshafen.de\\\/stpetruscanisius\\\/\"},{\"@type\":\"ListItem\",\"position\":2,\"name\":\"Unsere Gruppen und Angebote\",\"item\":\"https:\\\/\\\/katholisch-friedrichshafen.de\\\/stpetruscanisius\\\/unsere-gruppen-und-angebote\\\/\"},{\"@type\":\"ListItem\",\"position\":3,\"name\":\"Mission Entwicklung Frieden Polozk (MEFP)\"}]},{\"@type\":\"WebSite\",\"@id\":\"https:\\\/\\\/katholisch-friedrichshafen.de\\\/stpetruscanisius\\\/#website\",\"url\":\"https:\\\/\\\/katholisch-friedrichshafen.de\\\/stpetruscanisius\\\/\",\"name\":\"St. Petrus Canisius\",\"description\":\"St. Petrus Canisius\",\"potentialAction\":[{\"@type\":\"SearchAction\",\"target\":{\"@type\":\"EntryPoint\",\"urlTemplate\":\"https:\\\/\\\/katholisch-friedrichshafen.de\\\/stpetruscanisius\\\/?s={search_term_string}\"},\"query-input\":{\"@type\":\"PropertyValueSpecification\",\"valueRequired\":true,\"valueName\":\"search_term_string\"}}],\"inLanguage\":\"de\"}]}<\/script>\n<!-- \/ Yoast SEO plugin. -->","yoast_head_json":{"title":"Mission Entwicklung Frieden Polozk (MEFP) - St. Petrus Canisius","robots":{"index":"index","follow":"follow","max-snippet":"max-snippet:-1","max-image-preview":"max-image-preview:large","max-video-preview":"max-video-preview:-1"},"canonical":"https:\/\/katholisch-friedrichshafen.de\/stpetruscanisius\/unsere-gruppen-und-angebote\/mission-entwicklung-frieden-polozk\/","og_locale":"de_DE","og_type":"article","og_title":"Mission Entwicklung Frieden Polozk (MEFP) - St. Petrus Canisius","og_description":"Mission Entwicklung Frieden Polozk (MEFP) Der Arbeitskreis ist eine Einrichtung der Katholischen Gesamtkirchengemeinde Friedrichshafen.\u00a0Schwerpunktm\u00e4\u00dfig ist der Ausschuss und die Aktionen in der Kirchengemeinde St.Petrus Canisius angesiedelt. Aufgabe ist der Beziehungsaufbau und die Kontaktpflege sowie die Unterst\u00fctzung der Menschen in den Partnerst\u00e4dten der Stadt Friedrichshafen in Wei\u00dfrussland Polozk Novo Polozk Einen sch\u00f6nen Einblick in die segensreiche &hellip;","og_url":"https:\/\/katholisch-friedrichshafen.de\/stpetruscanisius\/unsere-gruppen-und-angebote\/mission-entwicklung-frieden-polozk\/","og_site_name":"St. Petrus Canisius","article_modified_time":"2025-11-15T17:23:09+00:00","og_image":[{"width":1024,"height":333,"url":"https:\/\/katholisch-friedrichshafen.de\/stpetruscanisius\/wp-content\/uploads\/sites\/2\/2025\/11\/MEFP.jpg","type":"image\/jpeg"}],"twitter_card":"summary_large_image","twitter_misc":{"Gesch\u00e4tzte Lesezeit":"2\u00a0Minuten"},"schema":{"@context":"https:\/\/schema.org","@graph":[{"@type":"WebPage","@id":"https:\/\/katholisch-friedrichshafen.de\/stpetruscanisius\/unsere-gruppen-und-angebote\/mission-entwicklung-frieden-polozk\/","url":"https:\/\/katholisch-friedrichshafen.de\/stpetruscanisius\/unsere-gruppen-und-angebote\/mission-entwicklung-frieden-polozk\/","name":"Mission Entwicklung Frieden Polozk (MEFP) - St. Petrus Canisius","isPartOf":{"@id":"https:\/\/katholisch-friedrichshafen.de\/stpetruscanisius\/#website"},"primaryImageOfPage":{"@id":"https:\/\/katholisch-friedrichshafen.de\/stpetruscanisius\/unsere-gruppen-und-angebote\/mission-entwicklung-frieden-polozk\/#primaryimage"},"image":{"@id":"https:\/\/katholisch-friedrichshafen.de\/stpetruscanisius\/unsere-gruppen-und-angebote\/mission-entwicklung-frieden-polozk\/#primaryimage"},"thumbnailUrl":"https:\/\/katholisch-friedrichshafen.de\/stpetruscanisius\/wp-content\/uploads\/sites\/2\/2025\/11\/MEFP.jpg","datePublished":"2017-12-27T09:26:04+00:00","dateModified":"2025-11-15T17:23:09+00:00","breadcrumb":{"@id":"https:\/\/katholisch-friedrichshafen.de\/stpetruscanisius\/unsere-gruppen-und-angebote\/mission-entwicklung-frieden-polozk\/#breadcrumb"},"inLanguage":"de","potentialAction":[{"@type":"ReadAction","target":["https:\/\/katholisch-friedrichshafen.de\/stpetruscanisius\/unsere-gruppen-und-angebote\/mission-entwicklung-frieden-polozk\/"]}]},{"@type":"ImageObject","inLanguage":"de","@id":"https:\/\/katholisch-friedrichshafen.de\/stpetruscanisius\/unsere-gruppen-und-angebote\/mission-entwicklung-frieden-polozk\/#primaryimage","url":"https:\/\/katholisch-friedrichshafen.de\/stpetruscanisius\/wp-content\/uploads\/sites\/2\/2025\/11\/MEFP.jpg","contentUrl":"https:\/\/katholisch-friedrichshafen.de\/stpetruscanisius\/wp-content\/uploads\/sites\/2\/2025\/11\/MEFP.jpg","width":1024,"height":333},{"@type":"BreadcrumbList","@id":"https:\/\/katholisch-friedrichshafen.de\/stpetruscanisius\/unsere-gruppen-und-angebote\/mission-entwicklung-frieden-polozk\/#breadcrumb","itemListElement":[{"@type":"ListItem","position":1,"name":"Startseite","item":"https:\/\/katholisch-friedrichshafen.de\/stpetruscanisius\/"},{"@type":"ListItem","position":2,"name":"Unsere Gruppen und Angebote","item":"https:\/\/katholisch-friedrichshafen.de\/stpetruscanisius\/unsere-gruppen-und-angebote\/"},{"@type":"ListItem","position":3,"name":"Mission Entwicklung Frieden Polozk (MEFP)"}]},{"@type":"WebSite","@id":"https:\/\/katholisch-friedrichshafen.de\/stpetruscanisius\/#website","url":"https:\/\/katholisch-friedrichshafen.de\/stpetruscanisius\/","name":"St. Petrus Canisius","description":"St. Petrus Canisius","potentialAction":[{"@type":"SearchAction","target":{"@type":"EntryPoint","urlTemplate":"https:\/\/katholisch-friedrichshafen.de\/stpetruscanisius\/?s={search_term_string}"},"query-input":{"@type":"PropertyValueSpecification","valueRequired":true,"valueName":"search_term_string"}}],"inLanguage":"de"}]}},"_links":{"self":[{"href":"https:\/\/katholisch-friedrichshafen.de\/stpetruscanisius\/wp-json\/wp\/v2\/pages\/393","targetHints":{"allow":["GET"]}}],"collection":[{"href":"https:\/\/katholisch-friedrichshafen.de\/stpetruscanisius\/wp-json\/wp\/v2\/pages"}],"about":[{"href":"https:\/\/katholisch-friedrichshafen.de\/stpetruscanisius\/wp-json\/wp\/v2\/types\/page"}],"author":[{"embeddable":true,"href":"https:\/\/katholisch-friedrichshafen.de\/stpetruscanisius\/wp-json\/wp\/v2\/users\/16"}],"replies":[{"embeddable":true,"href":"https:\/\/katholisch-friedrichshafen.de\/stpetruscanisius\/wp-json\/wp\/v2\/comments?post=393"}],"version-history":[{"count":22,"href":"https:\/\/katholisch-friedrichshafen.de\/stpetruscanisius\/wp-json\/wp\/v2\/pages\/393\/revisions"}],"predecessor-version":[{"id":531,"href":"https:\/\/katholisch-friedrichshafen.de\/stpetruscanisius\/wp-json\/wp\/v2\/pages\/393\/revisions\/531"}],"up":[{"embeddable":true,"href":"https:\/\/katholisch-friedrichshafen.de\/stpetruscanisius\/wp-json\/wp\/v2\/pages\/166"}],"wp:featuredmedia":[{"embeddable":true,"href":"https:\/\/katholisch-friedrichshafen.de\/stpetruscanisius\/wp-json\/wp\/v2\/media\/3002"}],"wp:attachment":[{"href":"https:\/\/katholisch-friedrichshafen.de\/stpetruscanisius\/wp-json\/wp\/v2\/media?parent=393"}],"curies":[{"name":"wp","href":"https:\/\/api.w.org\/{rel}","templated":true}]}}