{"id":207,"date":"2017-12-22T15:57:19","date_gmt":"2017-12-22T14:57:19","guid":{"rendered":"https:\/\/katholisch-friedrichshafen.comlounge.dev\/stpetruscanisius\/?page_id=207"},"modified":"2025-05-09T20:29:06","modified_gmt":"2025-05-09T18:29:06","slug":"firmung-2","status":"publish","type":"page","link":"https:\/\/katholisch-friedrichshafen.de\/stpetruscanisius\/sakramente\/firmung-2\/","title":{"rendered":"Firmung"},"content":{"rendered":"<div class=\"csc-header csc-header-n1\">\n<h2 class=\"csc-firstHeader\">Firmung<\/h2>\n<hr \/>\n<p><a href=\"https:\/\/katholisch-friedrichshafen.de\/stpetruscanisius\/wp-content\/uploads\/sites\/2\/2023\/03\/Firmung-Lara.jpg\" target=\"_blank\"  rel=\"lightbox[207] noopener\"><img decoding=\"async\" class=\"aligncenter wp-image-2602 size-medium\" src=\"https:\/\/katholisch-friedrichshafen.de\/stpetruscanisius\/wp-content\/uploads\/sites\/2\/2023\/03\/Firmung-Lara-300x124.jpg\" alt=\"\" width=\"300\" height=\"124\" srcset=\"https:\/\/katholisch-friedrichshafen.de\/stpetruscanisius\/wp-content\/uploads\/sites\/2\/2023\/03\/Firmung-Lara-300x124.jpg 300w, https:\/\/katholisch-friedrichshafen.de\/stpetruscanisius\/wp-content\/uploads\/sites\/2\/2023\/03\/Firmung-Lara-768x317.jpg 768w, https:\/\/katholisch-friedrichshafen.de\/stpetruscanisius\/wp-content\/uploads\/sites\/2\/2023\/03\/Firmung-Lara-100x41.jpg 100w, https:\/\/katholisch-friedrichshafen.de\/stpetruscanisius\/wp-content\/uploads\/sites\/2\/2023\/03\/Firmung-Lara.jpg 1024w\" sizes=\"(max-width: 300px) 100vw, 300px\" \/><\/a><\/p>\n<p>Dekan Bernd Herbinger firmt im Auftrag des Bischofs eine junge Frau.<br \/>\nFirmkatechet Pastoralreferent Philip Heger bereitete die Jugendlichen auf den Empfang des Sakramentes vor.<\/p>\n<hr \/>\n<p>Das Wort Firmung kommt vom lateinischen &#8222;firmare&#8220; und hei\u00dft \u00fcbersetzt best\u00e4rken, festigen, ermutigen. Die Firmung ist das Sakrament der Best\u00e4rkung des jungen Menschen in seinem Christsein. Die Kraft des Heiligen Geistes verleiht Standverm\u00f6gen und ermutigt, Verantwortung f\u00fcr sich und die Gemeinschaft zu \u00fcbernehmen. Das Sakrament der Firmung vertieft in besonderer Weise den \u00dcbergang vom Kindsein zum Erwachsenwerden.<\/p>\n<p>Ab der neunten Klasse kannst Du Dich zur Firmung anmelden. Hierf\u00fcr erh\u00e4ltst Du vom zust\u00e4ndigen Pfarramt ein Einladungsschreiben.<\/p>\n<hr \/>\n<p>Weitere <strong>Informationen zum Firmweg in diesem Jahr<\/strong> findest Du <a href=\"https:\/\/katholisch-friedrichshafen.de\/allgemeine-angebote\/firmung\/\" target=\"_blank\" rel=\"noopener\">hier<\/a>.<\/p>\n<\/div>\n","protected":false},"excerpt":{"rendered":"<p>Firmung Dekan Bernd Herbinger firmt im Auftrag des Bischofs eine junge Frau. Firmkatechet Pastoralreferent Philip Heger bereitete die Jugendlichen auf den Empfang des Sakramentes vor. Das Wort Firmung kommt vom lateinischen &#8222;firmare&#8220; und hei\u00dft \u00fcbersetzt best\u00e4rken, festigen, ermutigen. Die Firmung ist das Sakrament der Best\u00e4rkung des jungen Menschen in seinem Christsein. Die Kraft des Heiligen &hellip;<\/p>\n","protected":false},"author":16,"featured_media":2064,"parent":204,"menu_order":5,"comment_status":"closed","ping_status":"closed","template":"","meta":{"_acf_changed":false,"footnotes":""},"class_list":["post-207","page","type-page","status-publish","has-post-thumbnail","hentry","einrichtung-st-petrus-canisius"],"acf":[],"yoast_head":"<!-- This site is optimized with the Yoast SEO plugin v27.2 - https:\/\/yoast.com\/product\/yoast-seo-wordpress\/ -->\n<title>Firmung - St. Petrus Canisius<\/title>\n<meta name=\"robots\" content=\"index, follow, max-snippet:-1, max-image-preview:large, max-video-preview:-1\" \/>\n<link rel=\"canonical\" href=\"https:\/\/katholisch-friedrichshafen.de\/stpetruscanisius\/sakramente\/firmung-2\/\" \/>\n<meta property=\"og:locale\" content=\"de_DE\" \/>\n<meta property=\"og:type\" content=\"article\" \/>\n<meta property=\"og:title\" content=\"Firmung - St. Petrus Canisius\" \/>\n<meta property=\"og:description\" content=\"Firmung Dekan Bernd Herbinger firmt im Auftrag des Bischofs eine junge Frau. Firmkatechet Pastoralreferent Philip Heger bereitete die Jugendlichen auf den Empfang des Sakramentes vor. Das Wort Firmung kommt vom lateinischen &#8222;firmare&#8220; und hei\u00dft \u00fcbersetzt best\u00e4rken, festigen, ermutigen. Die Firmung ist das Sakrament der Best\u00e4rkung des jungen Menschen in seinem Christsein. Die Kraft des Heiligen &hellip;\" \/>\n<meta property=\"og:url\" content=\"https:\/\/katholisch-friedrichshafen.de\/stpetruscanisius\/sakramente\/firmung-2\/\" \/>\n<meta property=\"og:site_name\" content=\"St. Petrus Canisius\" \/>\n<meta property=\"article:modified_time\" content=\"2025-05-09T18:29:06+00:00\" \/>\n<meta property=\"og:image\" content=\"https:\/\/katholisch-friedrichshafen.de\/stpetruscanisius\/wp-content\/uploads\/sites\/2\/2020\/04\/Firmung_2.jpg\" \/>\n\t<meta property=\"og:image:width\" content=\"1024\" \/>\n\t<meta property=\"og:image:height\" content=\"333\" \/>\n\t<meta property=\"og:image:type\" content=\"image\/jpeg\" \/>\n<meta name=\"twitter:card\" content=\"summary_large_image\" \/>\n<meta name=\"twitter:label1\" content=\"Gesch\u00e4tzte Lesezeit\" \/>\n\t<meta name=\"twitter:data1\" content=\"2\u00a0Minuten\" \/>\n<script type=\"application\/ld+json\" class=\"yoast-schema-graph\">{\"@context\":\"https:\/\/schema.org\",\"@graph\":[{\"@type\":\"WebPage\",\"@id\":\"https:\/\/katholisch-friedrichshafen.de\/stpetruscanisius\/sakramente\/firmung-2\/\",\"url\":\"https:\/\/katholisch-friedrichshafen.de\/stpetruscanisius\/sakramente\/firmung-2\/\",\"name\":\"Firmung - St. Petrus Canisius\",\"isPartOf\":{\"@id\":\"https:\/\/katholisch-friedrichshafen.de\/stpetruscanisius\/#website\"},\"primaryImageOfPage\":{\"@id\":\"https:\/\/katholisch-friedrichshafen.de\/stpetruscanisius\/sakramente\/firmung-2\/#primaryimage\"},\"image\":{\"@id\":\"https:\/\/katholisch-friedrichshafen.de\/stpetruscanisius\/sakramente\/firmung-2\/#primaryimage\"},\"thumbnailUrl\":\"https:\/\/katholisch-friedrichshafen.de\/stpetruscanisius\/wp-content\/uploads\/sites\/2\/2020\/04\/Firmung_2.jpg\",\"datePublished\":\"2017-12-22T14:57:19+00:00\",\"dateModified\":\"2025-05-09T18:29:06+00:00\",\"breadcrumb\":{\"@id\":\"https:\/\/katholisch-friedrichshafen.de\/stpetruscanisius\/sakramente\/firmung-2\/#breadcrumb\"},\"inLanguage\":\"de\",\"potentialAction\":[{\"@type\":\"ReadAction\",\"target\":[\"https:\/\/katholisch-friedrichshafen.de\/stpetruscanisius\/sakramente\/firmung-2\/\"]}]},{\"@type\":\"ImageObject\",\"inLanguage\":\"de\",\"@id\":\"https:\/\/katholisch-friedrichshafen.de\/stpetruscanisius\/sakramente\/firmung-2\/#primaryimage\",\"url\":\"https:\/\/katholisch-friedrichshafen.de\/stpetruscanisius\/wp-content\/uploads\/sites\/2\/2020\/04\/Firmung_2.jpg\",\"contentUrl\":\"https:\/\/katholisch-friedrichshafen.de\/stpetruscanisius\/wp-content\/uploads\/sites\/2\/2020\/04\/Firmung_2.jpg\",\"width\":1024,\"height\":333},{\"@type\":\"BreadcrumbList\",\"@id\":\"https:\/\/katholisch-friedrichshafen.de\/stpetruscanisius\/sakramente\/firmung-2\/#breadcrumb\",\"itemListElement\":[{\"@type\":\"ListItem\",\"position\":1,\"name\":\"Startseite\",\"item\":\"https:\/\/katholisch-friedrichshafen.de\/stpetruscanisius\/\"},{\"@type\":\"ListItem\",\"position\":2,\"name\":\"Sakramente\",\"item\":\"https:\/\/katholisch-friedrichshafen.de\/stpetruscanisius\/sakramente\/\"},{\"@type\":\"ListItem\",\"position\":3,\"name\":\"Firmung\"}]},{\"@type\":\"WebSite\",\"@id\":\"https:\/\/katholisch-friedrichshafen.de\/stpetruscanisius\/#website\",\"url\":\"https:\/\/katholisch-friedrichshafen.de\/stpetruscanisius\/\",\"name\":\"St. Petrus Canisius\",\"description\":\"St. Petrus Canisius\",\"potentialAction\":[{\"@type\":\"SearchAction\",\"target\":{\"@type\":\"EntryPoint\",\"urlTemplate\":\"https:\/\/katholisch-friedrichshafen.de\/stpetruscanisius\/?s={search_term_string}\"},\"query-input\":{\"@type\":\"PropertyValueSpecification\",\"valueRequired\":true,\"valueName\":\"search_term_string\"}}],\"inLanguage\":\"de\"}]}<\/script>\n<!-- \/ Yoast SEO plugin. -->","yoast_head_json":{"title":"Firmung - St. Petrus Canisius","robots":{"index":"index","follow":"follow","max-snippet":"max-snippet:-1","max-image-preview":"max-image-preview:large","max-video-preview":"max-video-preview:-1"},"canonical":"https:\/\/katholisch-friedrichshafen.de\/stpetruscanisius\/sakramente\/firmung-2\/","og_locale":"de_DE","og_type":"article","og_title":"Firmung - St. Petrus Canisius","og_description":"Firmung Dekan Bernd Herbinger firmt im Auftrag des Bischofs eine junge Frau. Firmkatechet Pastoralreferent Philip Heger bereitete die Jugendlichen auf den Empfang des Sakramentes vor. Das Wort Firmung kommt vom lateinischen &#8222;firmare&#8220; und hei\u00dft \u00fcbersetzt best\u00e4rken, festigen, ermutigen. Die Firmung ist das Sakrament der Best\u00e4rkung des jungen Menschen in seinem Christsein. Die Kraft des Heiligen &hellip;","og_url":"https:\/\/katholisch-friedrichshafen.de\/stpetruscanisius\/sakramente\/firmung-2\/","og_site_name":"St. Petrus Canisius","article_modified_time":"2025-05-09T18:29:06+00:00","og_image":[{"width":1024,"height":333,"url":"https:\/\/katholisch-friedrichshafen.de\/stpetruscanisius\/wp-content\/uploads\/sites\/2\/2020\/04\/Firmung_2.jpg","type":"image\/jpeg"}],"twitter_card":"summary_large_image","twitter_misc":{"Gesch\u00e4tzte Lesezeit":"2\u00a0Minuten"},"schema":{"@context":"https:\/\/schema.org","@graph":[{"@type":"WebPage","@id":"https:\/\/katholisch-friedrichshafen.de\/stpetruscanisius\/sakramente\/firmung-2\/","url":"https:\/\/katholisch-friedrichshafen.de\/stpetruscanisius\/sakramente\/firmung-2\/","name":"Firmung - St. Petrus Canisius","isPartOf":{"@id":"https:\/\/katholisch-friedrichshafen.de\/stpetruscanisius\/#website"},"primaryImageOfPage":{"@id":"https:\/\/katholisch-friedrichshafen.de\/stpetruscanisius\/sakramente\/firmung-2\/#primaryimage"},"image":{"@id":"https:\/\/katholisch-friedrichshafen.de\/stpetruscanisius\/sakramente\/firmung-2\/#primaryimage"},"thumbnailUrl":"https:\/\/katholisch-friedrichshafen.de\/stpetruscanisius\/wp-content\/uploads\/sites\/2\/2020\/04\/Firmung_2.jpg","datePublished":"2017-12-22T14:57:19+00:00","dateModified":"2025-05-09T18:29:06+00:00","breadcrumb":{"@id":"https:\/\/katholisch-friedrichshafen.de\/stpetruscanisius\/sakramente\/firmung-2\/#breadcrumb"},"inLanguage":"de","potentialAction":[{"@type":"ReadAction","target":["https:\/\/katholisch-friedrichshafen.de\/stpetruscanisius\/sakramente\/firmung-2\/"]}]},{"@type":"ImageObject","inLanguage":"de","@id":"https:\/\/katholisch-friedrichshafen.de\/stpetruscanisius\/sakramente\/firmung-2\/#primaryimage","url":"https:\/\/katholisch-friedrichshafen.de\/stpetruscanisius\/wp-content\/uploads\/sites\/2\/2020\/04\/Firmung_2.jpg","contentUrl":"https:\/\/katholisch-friedrichshafen.de\/stpetruscanisius\/wp-content\/uploads\/sites\/2\/2020\/04\/Firmung_2.jpg","width":1024,"height":333},{"@type":"BreadcrumbList","@id":"https:\/\/katholisch-friedrichshafen.de\/stpetruscanisius\/sakramente\/firmung-2\/#breadcrumb","itemListElement":[{"@type":"ListItem","position":1,"name":"Startseite","item":"https:\/\/katholisch-friedrichshafen.de\/stpetruscanisius\/"},{"@type":"ListItem","position":2,"name":"Sakramente","item":"https:\/\/katholisch-friedrichshafen.de\/stpetruscanisius\/sakramente\/"},{"@type":"ListItem","position":3,"name":"Firmung"}]},{"@type":"WebSite","@id":"https:\/\/katholisch-friedrichshafen.de\/stpetruscanisius\/#website","url":"https:\/\/katholisch-friedrichshafen.de\/stpetruscanisius\/","name":"St. Petrus Canisius","description":"St. Petrus Canisius","potentialAction":[{"@type":"SearchAction","target":{"@type":"EntryPoint","urlTemplate":"https:\/\/katholisch-friedrichshafen.de\/stpetruscanisius\/?s={search_term_string}"},"query-input":{"@type":"PropertyValueSpecification","valueRequired":true,"valueName":"search_term_string"}}],"inLanguage":"de"}]}},"_links":{"self":[{"href":"https:\/\/katholisch-friedrichshafen.de\/stpetruscanisius\/wp-json\/wp\/v2\/pages\/207","targetHints":{"allow":["GET"]}}],"collection":[{"href":"https:\/\/katholisch-friedrichshafen.de\/stpetruscanisius\/wp-json\/wp\/v2\/pages"}],"about":[{"href":"https:\/\/katholisch-friedrichshafen.de\/stpetruscanisius\/wp-json\/wp\/v2\/types\/page"}],"author":[{"embeddable":true,"href":"https:\/\/katholisch-friedrichshafen.de\/stpetruscanisius\/wp-json\/wp\/v2\/users\/16"}],"replies":[{"embeddable":true,"href":"https:\/\/katholisch-friedrichshafen.de\/stpetruscanisius\/wp-json\/wp\/v2\/comments?post=207"}],"version-history":[{"count":54,"href":"https:\/\/katholisch-friedrichshafen.de\/stpetruscanisius\/wp-json\/wp\/v2\/pages\/207\/revisions"}],"predecessor-version":[{"id":2910,"href":"https:\/\/katholisch-friedrichshafen.de\/stpetruscanisius\/wp-json\/wp\/v2\/pages\/207\/revisions\/2910"}],"up":[{"embeddable":true,"href":"https:\/\/katholisch-friedrichshafen.de\/stpetruscanisius\/wp-json\/wp\/v2\/pages\/204"}],"wp:featuredmedia":[{"embeddable":true,"href":"https:\/\/katholisch-friedrichshafen.de\/stpetruscanisius\/wp-json\/wp\/v2\/media\/2064"}],"wp:attachment":[{"href":"https:\/\/katholisch-friedrichshafen.de\/stpetruscanisius\/wp-json\/wp\/v2\/media?parent=207"}],"curies":[{"name":"wp","href":"https:\/\/api.w.org\/{rel}","templated":true}]}}