{"id":205,"date":"2017-12-22T15:57:19","date_gmt":"2017-12-22T14:57:19","guid":{"rendered":"https:\/\/katholisch-friedrichshafen.comlounge.dev\/stpetruscanisius\/?page_id=205"},"modified":"2026-01-27T19:42:09","modified_gmt":"2026-01-27T18:42:09","slug":"taufe","status":"publish","type":"page","link":"https:\/\/katholisch-friedrichshafen.de\/stpetruscanisius\/sakramente\/taufe\/","title":{"rendered":"Taufe"},"content":{"rendered":"<h3>Wissenswertes<\/h3>\n<p><a href=\"https:\/\/katholisch-friedrichshafen.de\/stpetruscanisius\/wp-content\/uploads\/sites\/2\/2026\/01\/Taufe_Faltblatt_1.png\" target=\"_blank\"  rel=\"lightbox[205] noopener\"><img fetchpriority=\"high\" decoding=\"async\" class=\"alignnone wp-image-3061 size-medium\" src=\"https:\/\/katholisch-friedrichshafen.de\/stpetruscanisius\/wp-content\/uploads\/sites\/2\/2026\/01\/Taufe_Faltblatt_1-300x214.png\" alt=\"\" width=\"300\" height=\"214\" srcset=\"https:\/\/katholisch-friedrichshafen.de\/stpetruscanisius\/wp-content\/uploads\/sites\/2\/2026\/01\/Taufe_Faltblatt_1-300x214.png 300w, https:\/\/katholisch-friedrichshafen.de\/stpetruscanisius\/wp-content\/uploads\/sites\/2\/2026\/01\/Taufe_Faltblatt_1-1024x731.png 1024w, https:\/\/katholisch-friedrichshafen.de\/stpetruscanisius\/wp-content\/uploads\/sites\/2\/2026\/01\/Taufe_Faltblatt_1-768x548.png 768w, https:\/\/katholisch-friedrichshafen.de\/stpetruscanisius\/wp-content\/uploads\/sites\/2\/2026\/01\/Taufe_Faltblatt_1-100x71.png 100w, https:\/\/katholisch-friedrichshafen.de\/stpetruscanisius\/wp-content\/uploads\/sites\/2\/2026\/01\/Taufe_Faltblatt_1-840x600.png 840w, https:\/\/katholisch-friedrichshafen.de\/stpetruscanisius\/wp-content\/uploads\/sites\/2\/2026\/01\/Taufe_Faltblatt_1.png 1346w\" sizes=\"(max-width: 300px) 100vw, 300px\" \/><\/a><\/p>\n<p><a href=\"https:\/\/katholisch-friedrichshafen.de\/stpetruscanisius\/wp-content\/uploads\/sites\/2\/2026\/01\/Taufe_Faltblatt_2.png\" target=\"_blank\"  rel=\"lightbox[205] noopener\"><img decoding=\"async\" class=\"alignnone wp-image-3062 size-medium\" src=\"https:\/\/katholisch-friedrichshafen.de\/stpetruscanisius\/wp-content\/uploads\/sites\/2\/2026\/01\/Taufe_Faltblatt_2-300x212.png\" alt=\"\" width=\"300\" height=\"212\" srcset=\"https:\/\/katholisch-friedrichshafen.de\/stpetruscanisius\/wp-content\/uploads\/sites\/2\/2026\/01\/Taufe_Faltblatt_2-300x212.png 300w, https:\/\/katholisch-friedrichshafen.de\/stpetruscanisius\/wp-content\/uploads\/sites\/2\/2026\/01\/Taufe_Faltblatt_2-1024x725.png 1024w, https:\/\/katholisch-friedrichshafen.de\/stpetruscanisius\/wp-content\/uploads\/sites\/2\/2026\/01\/Taufe_Faltblatt_2-768x544.png 768w, https:\/\/katholisch-friedrichshafen.de\/stpetruscanisius\/wp-content\/uploads\/sites\/2\/2026\/01\/Taufe_Faltblatt_2-100x71.png 100w, https:\/\/katholisch-friedrichshafen.de\/stpetruscanisius\/wp-content\/uploads\/sites\/2\/2026\/01\/Taufe_Faltblatt_2-848x600.png 848w, https:\/\/katholisch-friedrichshafen.de\/stpetruscanisius\/wp-content\/uploads\/sites\/2\/2026\/01\/Taufe_Faltblatt_2.png 1342w\" sizes=\"(max-width: 300px) 100vw, 300px\" \/><\/a><\/p>\n<hr \/>\n<h3 class=\"s2\"><span class=\"s5\"><span class=\"bumpedFont15\">Wollen Sie Ihr Kind taufen lassen?<\/span><\/span><\/h3>\n<ul>\n<li>Kommen Sie doch einfach im Pfarrb\u00fcro vorbei.<\/li>\n<li>Bitte bereiten Sie sich auf das Gespr\u00e4ch vor. Einen Leitfaden zum Download finden Sie unten.<\/li>\n<li>Wir freuen uns auf Ihren Besuch und werden\u00a0dann\u00a0mit Ihnen einen Termin f\u00fcr die Taufe und die beiden Vorbereitungsabende vereinbaren.<\/li>\n<li>M\u00f6gliche Termine finden Sie unten.<\/li>\n<li>Wir m\u00f6chten diese Gelegenheit nutzen, um Sie und Ihre Familie\u00a0kennenzulernen und mit Ihnen den Ablauf der Feier zu besprechen.<\/li>\n<li>Bitte bestimmen Sie zur Anmeldung den Taufpaten\u00a0f\u00fcr das Kind, der dann stellvertretend f\u00fcr das Kind den Glauben bekennen. Deswegen ist es wichtig, dass ein Taufpate getauft und Mitglied der katholischen Kirche ist.<\/li>\n<li>Wenn Sie ein Taufkleid besitzen, bringen Sie es gerne zur Taufe mit. Damit kommt zum Ausdruck, dass\u00a0Ihr Kind von Christus besch\u00fctzt wird, weil\u00a0er Ihr Kind\u00a0wie ein Gewand umgibt.<\/li>\n<li>F\u00fcr die Taufe ben\u00f6tigen\u00a0Sie\u00a0au\u00dferdem\u00a0eine Taufkerze. Am besten basteln Sie selbst eine. Damit hat Ihr Kind sein Leben lang einen ganz besonderen Bezug zu seiner Taufe. <a href=\"http:\/\/www.meine-kartenmanufaktur.de\/magazin\/taufkerze-selber-machen-bastelanleitung-und-tipps\" target=\"_blank\" rel=\"noopener\">Eine Anleitungen f\u00fcr das Basteln finden Sie hier.<\/a><\/li>\n<\/ul>\n<hr \/>\n<h3 class=\"s2\">Wollen Sie selbst getauft werden?<\/h3>\n<ul>\n<li>Kommen Sie doch einfach bei uns im Pfarrb\u00fcro vorbei.<\/li>\n<li>Zur Taufe geh\u00f6rt das Bekenntnis des Glaubens. Damit Sie dies als freier und \u00fcberzeugter Christ tun zu k\u00f6nnen, w\u00fcrden wir gerne mit Ihnen \u00fcber Ihren Glauben sprechen und Ihnen unseren Glauben erkl\u00e4ren.<\/li>\n<li>Nehmen Sie gerne noch heute Kontakt mit uns auf.<\/li>\n<\/ul>\n<hr \/>\n<h3>Unsere Downloads f\u00fcr Sie im \u00dcberblick<\/h3>\n","protected":false},"excerpt":{"rendered":"<p>Wissenswertes Wollen Sie Ihr Kind taufen lassen? Kommen Sie doch einfach im Pfarrb\u00fcro vorbei. Bitte bereiten Sie sich auf das Gespr\u00e4ch vor. Einen Leitfaden zum Download finden Sie unten. Wir freuen uns auf Ihren Besuch und werden\u00a0dann\u00a0mit Ihnen einen Termin f\u00fcr die Taufe und die beiden Vorbereitungsabende vereinbaren. M\u00f6gliche Termine finden Sie unten. Wir m\u00f6chten &hellip;<\/p>\n","protected":false},"author":16,"featured_media":1356,"parent":204,"menu_order":6,"comment_status":"closed","ping_status":"closed","template":"","meta":{"_acf_changed":false,"footnotes":""},"class_list":["post-205","page","type-page","status-publish","has-post-thumbnail","hentry","einrichtung-st-petrus-canisius"],"acf":[],"yoast_head":"<!-- This site is optimized with the Yoast SEO plugin v27.5 - https:\/\/yoast.com\/product\/yoast-seo-wordpress\/ -->\n<title>Taufe - St. Petrus Canisius<\/title>\n<meta name=\"robots\" content=\"index, follow, max-snippet:-1, max-image-preview:large, max-video-preview:-1\" \/>\n<link rel=\"canonical\" href=\"https:\/\/katholisch-friedrichshafen.de\/stpetruscanisius\/sakramente\/taufe\/\" \/>\n<meta property=\"og:locale\" content=\"de_DE\" \/>\n<meta property=\"og:type\" content=\"article\" \/>\n<meta property=\"og:title\" content=\"Taufe - St. Petrus Canisius\" \/>\n<meta property=\"og:description\" content=\"Wissenswertes Wollen Sie Ihr Kind taufen lassen? Kommen Sie doch einfach im Pfarrb\u00fcro vorbei. Bitte bereiten Sie sich auf das Gespr\u00e4ch vor. Einen Leitfaden zum Download finden Sie unten. Wir freuen uns auf Ihren Besuch und werden\u00a0dann\u00a0mit Ihnen einen Termin f\u00fcr die Taufe und die beiden Vorbereitungsabende vereinbaren. M\u00f6gliche Termine finden Sie unten. Wir m\u00f6chten &hellip;\" \/>\n<meta property=\"og:url\" content=\"https:\/\/katholisch-friedrichshafen.de\/stpetruscanisius\/sakramente\/taufe\/\" \/>\n<meta property=\"og:site_name\" content=\"St. Petrus Canisius\" \/>\n<meta property=\"article:modified_time\" content=\"2026-01-27T18:42:09+00:00\" \/>\n<meta property=\"og:image\" content=\"https:\/\/katholisch-friedrichshafen.de\/stpetruscanisius\/wp-content\/uploads\/sites\/2\/2018\/07\/Taufe_2.jpg\" \/>\n\t<meta property=\"og:image:width\" content=\"1024\" \/>\n\t<meta property=\"og:image:height\" content=\"333\" \/>\n\t<meta property=\"og:image:type\" content=\"image\/jpeg\" \/>\n<meta name=\"twitter:card\" content=\"summary_large_image\" \/>\n<meta name=\"twitter:label1\" content=\"Gesch\u00e4tzte Lesezeit\" \/>\n\t<meta name=\"twitter:data1\" content=\"2\u00a0Minuten\" \/>\n<script type=\"application\/ld+json\" class=\"yoast-schema-graph\">{\"@context\":\"https:\\\/\\\/schema.org\",\"@graph\":[{\"@type\":\"WebPage\",\"@id\":\"https:\\\/\\\/katholisch-friedrichshafen.de\\\/stpetruscanisius\\\/sakramente\\\/taufe\\\/\",\"url\":\"https:\\\/\\\/katholisch-friedrichshafen.de\\\/stpetruscanisius\\\/sakramente\\\/taufe\\\/\",\"name\":\"Taufe - St. Petrus Canisius\",\"isPartOf\":{\"@id\":\"https:\\\/\\\/katholisch-friedrichshafen.de\\\/stpetruscanisius\\\/#website\"},\"primaryImageOfPage\":{\"@id\":\"https:\\\/\\\/katholisch-friedrichshafen.de\\\/stpetruscanisius\\\/sakramente\\\/taufe\\\/#primaryimage\"},\"image\":{\"@id\":\"https:\\\/\\\/katholisch-friedrichshafen.de\\\/stpetruscanisius\\\/sakramente\\\/taufe\\\/#primaryimage\"},\"thumbnailUrl\":\"https:\\\/\\\/katholisch-friedrichshafen.de\\\/stpetruscanisius\\\/wp-content\\\/uploads\\\/sites\\\/2\\\/2018\\\/07\\\/Taufe_2.jpg\",\"datePublished\":\"2017-12-22T14:57:19+00:00\",\"dateModified\":\"2026-01-27T18:42:09+00:00\",\"breadcrumb\":{\"@id\":\"https:\\\/\\\/katholisch-friedrichshafen.de\\\/stpetruscanisius\\\/sakramente\\\/taufe\\\/#breadcrumb\"},\"inLanguage\":\"de\",\"potentialAction\":[{\"@type\":\"ReadAction\",\"target\":[\"https:\\\/\\\/katholisch-friedrichshafen.de\\\/stpetruscanisius\\\/sakramente\\\/taufe\\\/\"]}]},{\"@type\":\"ImageObject\",\"inLanguage\":\"de\",\"@id\":\"https:\\\/\\\/katholisch-friedrichshafen.de\\\/stpetruscanisius\\\/sakramente\\\/taufe\\\/#primaryimage\",\"url\":\"https:\\\/\\\/katholisch-friedrichshafen.de\\\/stpetruscanisius\\\/wp-content\\\/uploads\\\/sites\\\/2\\\/2018\\\/07\\\/Taufe_2.jpg\",\"contentUrl\":\"https:\\\/\\\/katholisch-friedrichshafen.de\\\/stpetruscanisius\\\/wp-content\\\/uploads\\\/sites\\\/2\\\/2018\\\/07\\\/Taufe_2.jpg\",\"width\":1024,\"height\":333},{\"@type\":\"BreadcrumbList\",\"@id\":\"https:\\\/\\\/katholisch-friedrichshafen.de\\\/stpetruscanisius\\\/sakramente\\\/taufe\\\/#breadcrumb\",\"itemListElement\":[{\"@type\":\"ListItem\",\"position\":1,\"name\":\"Startseite\",\"item\":\"https:\\\/\\\/katholisch-friedrichshafen.de\\\/stpetruscanisius\\\/\"},{\"@type\":\"ListItem\",\"position\":2,\"name\":\"Sakramente\",\"item\":\"https:\\\/\\\/katholisch-friedrichshafen.de\\\/stpetruscanisius\\\/sakramente\\\/\"},{\"@type\":\"ListItem\",\"position\":3,\"name\":\"Taufe\"}]},{\"@type\":\"WebSite\",\"@id\":\"https:\\\/\\\/katholisch-friedrichshafen.de\\\/stpetruscanisius\\\/#website\",\"url\":\"https:\\\/\\\/katholisch-friedrichshafen.de\\\/stpetruscanisius\\\/\",\"name\":\"St. Petrus Canisius\",\"description\":\"St. Petrus Canisius\",\"potentialAction\":[{\"@type\":\"SearchAction\",\"target\":{\"@type\":\"EntryPoint\",\"urlTemplate\":\"https:\\\/\\\/katholisch-friedrichshafen.de\\\/stpetruscanisius\\\/?s={search_term_string}\"},\"query-input\":{\"@type\":\"PropertyValueSpecification\",\"valueRequired\":true,\"valueName\":\"search_term_string\"}}],\"inLanguage\":\"de\"}]}<\/script>\n<!-- \/ Yoast SEO plugin. -->","yoast_head_json":{"title":"Taufe - St. Petrus Canisius","robots":{"index":"index","follow":"follow","max-snippet":"max-snippet:-1","max-image-preview":"max-image-preview:large","max-video-preview":"max-video-preview:-1"},"canonical":"https:\/\/katholisch-friedrichshafen.de\/stpetruscanisius\/sakramente\/taufe\/","og_locale":"de_DE","og_type":"article","og_title":"Taufe - St. Petrus Canisius","og_description":"Wissenswertes Wollen Sie Ihr Kind taufen lassen? Kommen Sie doch einfach im Pfarrb\u00fcro vorbei. Bitte bereiten Sie sich auf das Gespr\u00e4ch vor. Einen Leitfaden zum Download finden Sie unten. Wir freuen uns auf Ihren Besuch und werden\u00a0dann\u00a0mit Ihnen einen Termin f\u00fcr die Taufe und die beiden Vorbereitungsabende vereinbaren. M\u00f6gliche Termine finden Sie unten. Wir m\u00f6chten &hellip;","og_url":"https:\/\/katholisch-friedrichshafen.de\/stpetruscanisius\/sakramente\/taufe\/","og_site_name":"St. Petrus Canisius","article_modified_time":"2026-01-27T18:42:09+00:00","og_image":[{"width":1024,"height":333,"url":"https:\/\/katholisch-friedrichshafen.de\/stpetruscanisius\/wp-content\/uploads\/sites\/2\/2018\/07\/Taufe_2.jpg","type":"image\/jpeg"}],"twitter_card":"summary_large_image","twitter_misc":{"Gesch\u00e4tzte Lesezeit":"2\u00a0Minuten"},"schema":{"@context":"https:\/\/schema.org","@graph":[{"@type":"WebPage","@id":"https:\/\/katholisch-friedrichshafen.de\/stpetruscanisius\/sakramente\/taufe\/","url":"https:\/\/katholisch-friedrichshafen.de\/stpetruscanisius\/sakramente\/taufe\/","name":"Taufe - St. Petrus Canisius","isPartOf":{"@id":"https:\/\/katholisch-friedrichshafen.de\/stpetruscanisius\/#website"},"primaryImageOfPage":{"@id":"https:\/\/katholisch-friedrichshafen.de\/stpetruscanisius\/sakramente\/taufe\/#primaryimage"},"image":{"@id":"https:\/\/katholisch-friedrichshafen.de\/stpetruscanisius\/sakramente\/taufe\/#primaryimage"},"thumbnailUrl":"https:\/\/katholisch-friedrichshafen.de\/stpetruscanisius\/wp-content\/uploads\/sites\/2\/2018\/07\/Taufe_2.jpg","datePublished":"2017-12-22T14:57:19+00:00","dateModified":"2026-01-27T18:42:09+00:00","breadcrumb":{"@id":"https:\/\/katholisch-friedrichshafen.de\/stpetruscanisius\/sakramente\/taufe\/#breadcrumb"},"inLanguage":"de","potentialAction":[{"@type":"ReadAction","target":["https:\/\/katholisch-friedrichshafen.de\/stpetruscanisius\/sakramente\/taufe\/"]}]},{"@type":"ImageObject","inLanguage":"de","@id":"https:\/\/katholisch-friedrichshafen.de\/stpetruscanisius\/sakramente\/taufe\/#primaryimage","url":"https:\/\/katholisch-friedrichshafen.de\/stpetruscanisius\/wp-content\/uploads\/sites\/2\/2018\/07\/Taufe_2.jpg","contentUrl":"https:\/\/katholisch-friedrichshafen.de\/stpetruscanisius\/wp-content\/uploads\/sites\/2\/2018\/07\/Taufe_2.jpg","width":1024,"height":333},{"@type":"BreadcrumbList","@id":"https:\/\/katholisch-friedrichshafen.de\/stpetruscanisius\/sakramente\/taufe\/#breadcrumb","itemListElement":[{"@type":"ListItem","position":1,"name":"Startseite","item":"https:\/\/katholisch-friedrichshafen.de\/stpetruscanisius\/"},{"@type":"ListItem","position":2,"name":"Sakramente","item":"https:\/\/katholisch-friedrichshafen.de\/stpetruscanisius\/sakramente\/"},{"@type":"ListItem","position":3,"name":"Taufe"}]},{"@type":"WebSite","@id":"https:\/\/katholisch-friedrichshafen.de\/stpetruscanisius\/#website","url":"https:\/\/katholisch-friedrichshafen.de\/stpetruscanisius\/","name":"St. Petrus Canisius","description":"St. Petrus Canisius","potentialAction":[{"@type":"SearchAction","target":{"@type":"EntryPoint","urlTemplate":"https:\/\/katholisch-friedrichshafen.de\/stpetruscanisius\/?s={search_term_string}"},"query-input":{"@type":"PropertyValueSpecification","valueRequired":true,"valueName":"search_term_string"}}],"inLanguage":"de"}]}},"_links":{"self":[{"href":"https:\/\/katholisch-friedrichshafen.de\/stpetruscanisius\/wp-json\/wp\/v2\/pages\/205","targetHints":{"allow":["GET"]}}],"collection":[{"href":"https:\/\/katholisch-friedrichshafen.de\/stpetruscanisius\/wp-json\/wp\/v2\/pages"}],"about":[{"href":"https:\/\/katholisch-friedrichshafen.de\/stpetruscanisius\/wp-json\/wp\/v2\/types\/page"}],"author":[{"embeddable":true,"href":"https:\/\/katholisch-friedrichshafen.de\/stpetruscanisius\/wp-json\/wp\/v2\/users\/16"}],"replies":[{"embeddable":true,"href":"https:\/\/katholisch-friedrichshafen.de\/stpetruscanisius\/wp-json\/wp\/v2\/comments?post=205"}],"version-history":[{"count":34,"href":"https:\/\/katholisch-friedrichshafen.de\/stpetruscanisius\/wp-json\/wp\/v2\/pages\/205\/revisions"}],"predecessor-version":[{"id":3065,"href":"https:\/\/katholisch-friedrichshafen.de\/stpetruscanisius\/wp-json\/wp\/v2\/pages\/205\/revisions\/3065"}],"up":[{"embeddable":true,"href":"https:\/\/katholisch-friedrichshafen.de\/stpetruscanisius\/wp-json\/wp\/v2\/pages\/204"}],"wp:featuredmedia":[{"embeddable":true,"href":"https:\/\/katholisch-friedrichshafen.de\/stpetruscanisius\/wp-json\/wp\/v2\/media\/1356"}],"wp:attachment":[{"href":"https:\/\/katholisch-friedrichshafen.de\/stpetruscanisius\/wp-json\/wp\/v2\/media?parent=205"}],"curies":[{"name":"wp","href":"https:\/\/api.w.org\/{rel}","templated":true}]}}