{"id":138,"date":"2017-12-22T10:29:36","date_gmt":"2017-12-22T09:29:36","guid":{"rendered":"https:\/\/katholisch-friedrichshafen.comlounge.dev\/stpetruscanisius\/?page_id=138"},"modified":"2024-06-25T20:32:36","modified_gmt":"2024-06-25T18:32:36","slug":"pfarrbuero-pfarramt","status":"publish","type":"page","link":"https:\/\/katholisch-friedrichshafen.de\/stpetruscanisius\/pfarrbuero-pfarramt\/","title":{"rendered":"Pfarrb\u00fcro\/Pfarramt"},"content":{"rendered":"<div class=\"csc-header csc-header-n1\">\n<h2>Pfarrb\u00fcro\/Pfarramt<\/h2>\n<hr \/>\n<h3 class=\"csc-firstHeader\">Anschrift<\/h3>\n<\/div>\n<p class=\"bodytext\">Katharinenstr. 14<br \/>\n88045 Friedrichshafen<br \/>\nTel: (07541) 3896-0<br \/>\nE-Mail: <a href=\"mailto:StPetrusCanisius.Friedrichshafen@drs.de\">StPetrusCanisius.Friedrichshafen@drs.de<\/a><\/p>\n<hr \/>\n<div class=\"csc-header csc-header-n2\">\n<h3>\u00d6ffnungszeiten<\/h3>\n<\/div>\n<table style=\"height: 148px;width: 394px\">\n<tbody>\n<tr>\n<td>Montag und Dienstag<\/td>\n<td style=\"width: 136px\">09:00 \u2013 12:00 Uhr und 14:00 \u2013 16:00 Uhr<\/td>\n<\/tr>\n<tr>\n<td style=\"width: 184px\">Mittwoch<\/td>\n<td style=\"width: 136px\">09:00 \u2013 12:00 Uhr<\/td>\n<\/tr>\n<tr>\n<td style=\"width: 184px\">Donnerstag<\/td>\n<td style=\"width: 136px\">09:00 \u2013 12:00 Uhr und 14:00 \u2013 18:00 Uhr<\/td>\n<\/tr>\n<tr>\n<td style=\"width: 184px\">Freitag<\/td>\n<td style=\"width: 136px\">09:00 \u2013 12:00 Uhr<\/td>\n<\/tr>\n<\/tbody>\n<\/table>\n<hr \/>\n<h3 class=\"bodytext\">Sekretariat<\/h3>\n<p class=\"bodytext\">Pfarramtssekret\u00e4rin Marina de Angelis, sie ist auch f\u00fcr die italienische Gemeinde zust\u00e4ndig.<\/p>\n<p>Pfarramtsekrat\u00e4rin Nicole Schneider<\/p>\n<p>Pfarramtsekret\u00e4rin Andrea Paul<\/p>\n","protected":false},"excerpt":{"rendered":"<p>Pfarrb\u00fcro\/Pfarramt Anschrift Katharinenstr. 14 88045 Friedrichshafen Tel: (07541) 3896-0 E-Mail: StPetrusCanisius.Friedrichshafen@drs.de \u00d6ffnungszeiten Montag und Dienstag 09:00 \u2013 12:00 Uhr und 14:00 \u2013 16:00 Uhr Mittwoch 09:00 \u2013 12:00 Uhr Donnerstag 09:00 \u2013 12:00 Uhr und 14:00 \u2013 18:00 Uhr Freitag 09:00 \u2013 12:00 Uhr Sekretariat Pfarramtssekret\u00e4rin Marina de Angelis, sie ist auch f\u00fcr die italienische &hellip;<\/p>\n","protected":false},"author":16,"featured_media":0,"parent":0,"menu_order":19,"comment_status":"closed","ping_status":"closed","template":"","meta":{"_acf_changed":false,"footnotes":""},"class_list":["post-138","page","type-page","status-publish","hentry","einrichtung-st-petrus-canisius"],"acf":[],"yoast_head":"<!-- This site is optimized with the Yoast SEO plugin v27.5 - https:\/\/yoast.com\/product\/yoast-seo-wordpress\/ -->\n<title>Pfarrb\u00fcro\/Pfarramt - St. Petrus Canisius<\/title>\n<meta name=\"robots\" content=\"index, follow, max-snippet:-1, max-image-preview:large, max-video-preview:-1\" \/>\n<link rel=\"canonical\" href=\"https:\/\/katholisch-friedrichshafen.de\/stpetruscanisius\/pfarrbuero-pfarramt\/\" \/>\n<meta property=\"og:locale\" content=\"de_DE\" \/>\n<meta property=\"og:type\" content=\"article\" \/>\n<meta property=\"og:title\" content=\"Pfarrb\u00fcro\/Pfarramt - St. Petrus Canisius\" \/>\n<meta property=\"og:description\" content=\"Pfarrb\u00fcro\/Pfarramt Anschrift Katharinenstr. 14 88045 Friedrichshafen Tel: (07541) 3896-0 E-Mail: StPetrusCanisius.Friedrichshafen@drs.de \u00d6ffnungszeiten Montag und Dienstag 09:00 \u2013 12:00 Uhr und 14:00 \u2013 16:00 Uhr Mittwoch 09:00 \u2013 12:00 Uhr Donnerstag 09:00 \u2013 12:00 Uhr und 14:00 \u2013 18:00 Uhr Freitag 09:00 \u2013 12:00 Uhr Sekretariat Pfarramtssekret\u00e4rin Marina de Angelis, sie ist auch f\u00fcr die italienische &hellip;\" \/>\n<meta property=\"og:url\" content=\"https:\/\/katholisch-friedrichshafen.de\/stpetruscanisius\/pfarrbuero-pfarramt\/\" \/>\n<meta property=\"og:site_name\" content=\"St. Petrus Canisius\" \/>\n<meta property=\"article:modified_time\" content=\"2024-06-25T18:32:36+00:00\" \/>\n<meta name=\"twitter:card\" content=\"summary_large_image\" \/>\n<meta name=\"twitter:label1\" content=\"Gesch\u00e4tzte Lesezeit\" \/>\n\t<meta name=\"twitter:data1\" content=\"1\u00a0Minute\" \/>\n<script type=\"application\/ld+json\" class=\"yoast-schema-graph\">{\"@context\":\"https:\\\/\\\/schema.org\",\"@graph\":[{\"@type\":\"WebPage\",\"@id\":\"https:\\\/\\\/katholisch-friedrichshafen.de\\\/stpetruscanisius\\\/pfarrbuero-pfarramt\\\/\",\"url\":\"https:\\\/\\\/katholisch-friedrichshafen.de\\\/stpetruscanisius\\\/pfarrbuero-pfarramt\\\/\",\"name\":\"Pfarrb\u00fcro\\\/Pfarramt - St. Petrus Canisius\",\"isPartOf\":{\"@id\":\"https:\\\/\\\/katholisch-friedrichshafen.de\\\/stpetruscanisius\\\/#website\"},\"datePublished\":\"2017-12-22T09:29:36+00:00\",\"dateModified\":\"2024-06-25T18:32:36+00:00\",\"breadcrumb\":{\"@id\":\"https:\\\/\\\/katholisch-friedrichshafen.de\\\/stpetruscanisius\\\/pfarrbuero-pfarramt\\\/#breadcrumb\"},\"inLanguage\":\"de\",\"potentialAction\":[{\"@type\":\"ReadAction\",\"target\":[\"https:\\\/\\\/katholisch-friedrichshafen.de\\\/stpetruscanisius\\\/pfarrbuero-pfarramt\\\/\"]}]},{\"@type\":\"BreadcrumbList\",\"@id\":\"https:\\\/\\\/katholisch-friedrichshafen.de\\\/stpetruscanisius\\\/pfarrbuero-pfarramt\\\/#breadcrumb\",\"itemListElement\":[{\"@type\":\"ListItem\",\"position\":1,\"name\":\"Startseite\",\"item\":\"https:\\\/\\\/katholisch-friedrichshafen.de\\\/stpetruscanisius\\\/\"},{\"@type\":\"ListItem\",\"position\":2,\"name\":\"Pfarrb\u00fcro\\\/Pfarramt\"}]},{\"@type\":\"WebSite\",\"@id\":\"https:\\\/\\\/katholisch-friedrichshafen.de\\\/stpetruscanisius\\\/#website\",\"url\":\"https:\\\/\\\/katholisch-friedrichshafen.de\\\/stpetruscanisius\\\/\",\"name\":\"St. Petrus Canisius\",\"description\":\"St. Petrus Canisius\",\"potentialAction\":[{\"@type\":\"SearchAction\",\"target\":{\"@type\":\"EntryPoint\",\"urlTemplate\":\"https:\\\/\\\/katholisch-friedrichshafen.de\\\/stpetruscanisius\\\/?s={search_term_string}\"},\"query-input\":{\"@type\":\"PropertyValueSpecification\",\"valueRequired\":true,\"valueName\":\"search_term_string\"}}],\"inLanguage\":\"de\"}]}<\/script>\n<!-- \/ Yoast SEO plugin. -->","yoast_head_json":{"title":"Pfarrb\u00fcro\/Pfarramt - St. Petrus Canisius","robots":{"index":"index","follow":"follow","max-snippet":"max-snippet:-1","max-image-preview":"max-image-preview:large","max-video-preview":"max-video-preview:-1"},"canonical":"https:\/\/katholisch-friedrichshafen.de\/stpetruscanisius\/pfarrbuero-pfarramt\/","og_locale":"de_DE","og_type":"article","og_title":"Pfarrb\u00fcro\/Pfarramt - St. Petrus Canisius","og_description":"Pfarrb\u00fcro\/Pfarramt Anschrift Katharinenstr. 14 88045 Friedrichshafen Tel: (07541) 3896-0 E-Mail: StPetrusCanisius.Friedrichshafen@drs.de \u00d6ffnungszeiten Montag und Dienstag 09:00 \u2013 12:00 Uhr und 14:00 \u2013 16:00 Uhr Mittwoch 09:00 \u2013 12:00 Uhr Donnerstag 09:00 \u2013 12:00 Uhr und 14:00 \u2013 18:00 Uhr Freitag 09:00 \u2013 12:00 Uhr Sekretariat Pfarramtssekret\u00e4rin Marina de Angelis, sie ist auch f\u00fcr die italienische &hellip;","og_url":"https:\/\/katholisch-friedrichshafen.de\/stpetruscanisius\/pfarrbuero-pfarramt\/","og_site_name":"St. Petrus Canisius","article_modified_time":"2024-06-25T18:32:36+00:00","twitter_card":"summary_large_image","twitter_misc":{"Gesch\u00e4tzte Lesezeit":"1\u00a0Minute"},"schema":{"@context":"https:\/\/schema.org","@graph":[{"@type":"WebPage","@id":"https:\/\/katholisch-friedrichshafen.de\/stpetruscanisius\/pfarrbuero-pfarramt\/","url":"https:\/\/katholisch-friedrichshafen.de\/stpetruscanisius\/pfarrbuero-pfarramt\/","name":"Pfarrb\u00fcro\/Pfarramt - St. Petrus Canisius","isPartOf":{"@id":"https:\/\/katholisch-friedrichshafen.de\/stpetruscanisius\/#website"},"datePublished":"2017-12-22T09:29:36+00:00","dateModified":"2024-06-25T18:32:36+00:00","breadcrumb":{"@id":"https:\/\/katholisch-friedrichshafen.de\/stpetruscanisius\/pfarrbuero-pfarramt\/#breadcrumb"},"inLanguage":"de","potentialAction":[{"@type":"ReadAction","target":["https:\/\/katholisch-friedrichshafen.de\/stpetruscanisius\/pfarrbuero-pfarramt\/"]}]},{"@type":"BreadcrumbList","@id":"https:\/\/katholisch-friedrichshafen.de\/stpetruscanisius\/pfarrbuero-pfarramt\/#breadcrumb","itemListElement":[{"@type":"ListItem","position":1,"name":"Startseite","item":"https:\/\/katholisch-friedrichshafen.de\/stpetruscanisius\/"},{"@type":"ListItem","position":2,"name":"Pfarrb\u00fcro\/Pfarramt"}]},{"@type":"WebSite","@id":"https:\/\/katholisch-friedrichshafen.de\/stpetruscanisius\/#website","url":"https:\/\/katholisch-friedrichshafen.de\/stpetruscanisius\/","name":"St. Petrus Canisius","description":"St. Petrus Canisius","potentialAction":[{"@type":"SearchAction","target":{"@type":"EntryPoint","urlTemplate":"https:\/\/katholisch-friedrichshafen.de\/stpetruscanisius\/?s={search_term_string}"},"query-input":{"@type":"PropertyValueSpecification","valueRequired":true,"valueName":"search_term_string"}}],"inLanguage":"de"}]}},"_links":{"self":[{"href":"https:\/\/katholisch-friedrichshafen.de\/stpetruscanisius\/wp-json\/wp\/v2\/pages\/138","targetHints":{"allow":["GET"]}}],"collection":[{"href":"https:\/\/katholisch-friedrichshafen.de\/stpetruscanisius\/wp-json\/wp\/v2\/pages"}],"about":[{"href":"https:\/\/katholisch-friedrichshafen.de\/stpetruscanisius\/wp-json\/wp\/v2\/types\/page"}],"author":[{"embeddable":true,"href":"https:\/\/katholisch-friedrichshafen.de\/stpetruscanisius\/wp-json\/wp\/v2\/users\/16"}],"replies":[{"embeddable":true,"href":"https:\/\/katholisch-friedrichshafen.de\/stpetruscanisius\/wp-json\/wp\/v2\/comments?post=138"}],"version-history":[{"count":17,"href":"https:\/\/katholisch-friedrichshafen.de\/stpetruscanisius\/wp-json\/wp\/v2\/pages\/138\/revisions"}],"predecessor-version":[{"id":2794,"href":"https:\/\/katholisch-friedrichshafen.de\/stpetruscanisius\/wp-json\/wp\/v2\/pages\/138\/revisions\/2794"}],"wp:attachment":[{"href":"https:\/\/katholisch-friedrichshafen.de\/stpetruscanisius\/wp-json\/wp\/v2\/media?parent=138"}],"curies":[{"name":"wp","href":"https:\/\/api.w.org\/{rel}","templated":true}]}}