{"id":6,"date":"2017-12-06T00:16:05","date_gmt":"2017-12-05T23:16:05","guid":{"rendered":"https:\/\/katholisch-friedrichshafen.comlounge.dev\/stnikolaus\/st-nikolaus\/"},"modified":"2026-03-18T13:55:18","modified_gmt":"2026-03-18T12:55:18","slug":"st-nikolaus-2","status":"publish","type":"page","link":"https:\/\/katholisch-friedrichshafen.de\/stnikolaus\/","title":{"rendered":"St. Nikolaus"},"content":{"rendered":"<h2><strong>Herzlich Willkommen in St. Nikolaus<\/strong><\/h2>\n<p>&nbsp;<\/p>\n<p><strong>Das neue Jahresprogramm 2026 der Offenen Stadtkirche k\u00f6nnen Sie hier herunterladen:<\/strong><\/p>\n<h3><a href=\"https:\/\/katholisch-friedrichshafen.de\/stnikolaus\/offene-stadtkirche\/leporello-a6_osn_2026\/\" target=\"\" rel=\"attachment wp-att-927\">Leporello 2026<\/a><\/h3>\n<p>oder werfen Sie einen Blick auf unseren <a href=\"https:\/\/katholisch-friedrichshafen.de\/willkommen\/\">Veranstaltungskalender<\/a><\/p>\n<p>Die Offene Stadtkirche ist auch Teil des Netzwerkes &#8222;SummerSpirit &#8211; Auszeit am Bodensee&#8220;:<br \/>\nDas neue Saisonprogramm finden Sie in den Flyern am Schriftenstand oder auf der <a href=\"https:\/\/kirche-tourismus-bw.de\/regionale-angebote\/kirche-am-bodensee-2\/auszeit-bodensee-summer-spirit\/\">Homepage der Tourismusseelsorge<\/a><\/p>\n<hr \/>\n<ul>\n<li><a href=\"https:\/\/katholisch-friedrichshafen.de\/stnikolaus\/tourguide\/\">Tourguide for our english guests<\/a><\/li>\n<\/ul>\n<hr \/>\n<p>Die Gemeinde hat alte Wurzeln. Auf dem historischen Stadtgebiet gab es schon im Mittelalter eine Nikolauskirche. Die Fenster im Altarraum der heutigen Kirche erz\u00e4hlen die Geschichte des sympathischen Heiligen. Die Christen der Kirchengemeinde heute haben ihre Kirche bewusst ge\u00f6ffnet. Mit einem besonderen kulturellen und caritativen Programm stellen sie sich den Fragen einer kritischen Zeitgenossenschaft. Offene Stadtkirche St. Nikolaus steht f\u00fcr ausgepr\u00e4gte kirchenmusikalische Akzente, f\u00fcr diakonische Neuans\u00e4tze und alternative Formen der Seelsorge in den &#8222;Orten des Zuh\u00f6rens&#8220;. Unter den gr\u00f6\u00dferen Gemeinden der Stadt ist sie die kleinste mit \u00fcber zweitausend getauften Christen.<\/p>\n<hr \/>\n<table style=\"height: 87px;width: 660px;border-color: #02a6cb\" border=\"0\">\n<tbody>\n<tr>\n<td style=\"width: 648px\" colspan=\"2\"><strong>Pfarramt St. Nikolaus<\/strong><\/td>\n<\/tr>\n<tr>\n<td style=\"width: 104.859375px\"><strong>Adresse<\/strong><\/td>\n<td style=\"width: 543.140625px\">Katharinenstr. 14 | 88045 Friedrichshafen<\/td>\n<\/tr>\n<tr>\n<td style=\"width: 104.859375px\"><strong>Telefon<\/strong><\/td>\n<td style=\"width: 543.140625px\">\n<table border=\"0\">\n<tbody>\n<tr>\n<td><\/td>\n<td>(07541) 38 96 \u2013 12<\/td>\n<\/tr>\n<\/tbody>\n<\/table>\n<\/td>\n<\/tr>\n<tr>\n<td style=\"width: 104.859375px\"><strong>Fax<\/strong><\/td>\n<td style=\"width: 543.140625px\">\n<table border=\"0\">\n<tbody>\n<tr>\n<td><\/td>\n<td>(07541) 38 96 \u2013 26<\/td>\n<\/tr>\n<\/tbody>\n<\/table>\n<\/td>\n<\/tr>\n<tr>\n<td style=\"width: 104.859375px\"><strong>E-Mail<\/strong><\/td>\n<td style=\"width: 543.140625px\"><a class=\"linkMailto\" href=\"mailto:stnikolaus.friedrichshafen@drs.de\">stnikolaus.friedrichshafen@drs.de<\/a><\/td>\n<\/tr>\n<tr>\n<td style=\"width: 104.859375px\"><strong>Website<\/strong><\/td>\n<td style=\"width: 543.140625px\"><a href=\"https:\/\/katholisch-friedrichshafen.de\/stnikolaus\" target=\"_blank\" rel=\"noopener\">https:\/\/katholisch-friedrichshafen.de\/stnikolaus<\/a><\/td>\n<\/tr>\n<\/tbody>\n<\/table>\n<hr \/>\n<div class=\"csc-header csc-header-n1\">\n<h3 class=\"csc-firstHeader\">Regul\u00e4re Gottesdienste in unserer Gemeinde<\/h3>\n<\/div>\n<p>&nbsp;<\/p>\n<p><span style=\"font-size: 12pt\">Sonntag\u00a0 11:00 Uhr Eucharistiefeier <\/span><\/p>\n<p><span style=\"font-size: 12pt\">Sonntag\u00a0 14:00 Uhr Eucharistiefeier in kroat. Sprache<\/span><\/p>\n<p>Montag 8:30 Eucharistische Anbetung<\/p>\n<p><span style=\"font-size: 12pt\">Donnerstag 12:10 Eucharistiefeier<\/span><\/p>\n<p><span style=\"font-size: 12pt\">1. Freitag im Monat\u00a0 8:30 Uhr Morgenlob mit anschl. Gemeindefr\u00fchst\u00fcck<\/span><\/p>\n<p>Freitag 10:00 Uhr Orgelandacht (nicht im Jan.\/Feb.)<\/p>\n","protected":false},"excerpt":{"rendered":"<p>Herzlich Willkommen in St. Nikolaus &nbsp; Das neue Jahresprogramm 2026 der Offenen Stadtkirche k\u00f6nnen Sie hier herunterladen: Leporello 2026 oder werfen Sie einen Blick auf unseren Veranstaltungskalender Die Offene Stadtkirche ist auch Teil des Netzwerkes &#8222;SummerSpirit &#8211; Auszeit am Bodensee&#8220;: Das neue Saisonprogramm finden Sie in den Flyern am Schriftenstand oder auf der Homepage der &hellip;<\/p>\n","protected":false},"author":30,"featured_media":8,"parent":0,"menu_order":0,"comment_status":"closed","ping_status":"closed","template":"","meta":{"_acf_changed":false,"footnotes":""},"class_list":["post-6","page","type-page","status-publish","has-post-thumbnail","hentry","einrichtung-st-nikolaus"],"acf":[],"yoast_head":"<!-- This site is optimized with the Yoast SEO plugin v27.2 - https:\/\/yoast.com\/product\/yoast-seo-wordpress\/ -->\n<title>St. Nikolaus - St. Nikolaus<\/title>\n<meta name=\"robots\" content=\"index, follow, max-snippet:-1, max-image-preview:large, max-video-preview:-1\" \/>\n<link rel=\"canonical\" href=\"https:\/\/katholisch-friedrichshafen.de\/stnikolaus\/\" \/>\n<meta property=\"og:locale\" content=\"de_DE\" \/>\n<meta property=\"og:type\" content=\"article\" \/>\n<meta property=\"og:title\" content=\"St. Nikolaus - St. Nikolaus\" \/>\n<meta property=\"og:description\" content=\"Herzlich Willkommen in St. Nikolaus &nbsp; Das neue Jahresprogramm 2026 der Offenen Stadtkirche k\u00f6nnen Sie hier herunterladen: Leporello 2026 oder werfen Sie einen Blick auf unseren Veranstaltungskalender Die Offene Stadtkirche ist auch Teil des Netzwerkes &#8222;SummerSpirit &#8211; Auszeit am Bodensee&#8220;: Das neue Saisonprogramm finden Sie in den Flyern am Schriftenstand oder auf der Homepage der &hellip;\" \/>\n<meta property=\"og:url\" content=\"https:\/\/katholisch-friedrichshafen.de\/stnikolaus\/\" \/>\n<meta property=\"og:site_name\" content=\"St. Nikolaus\" \/>\n<meta property=\"article:modified_time\" content=\"2026-03-18T12:55:18+00:00\" \/>\n<meta property=\"og:image\" content=\"https:\/\/katholisch-friedrichshafen.de\/stnikolaus\/wp-content\/uploads\/sites\/3\/2017\/12\/Bild_breit_StNikolaus-FN-1.jpg\" \/>\n\t<meta property=\"og:image:width\" content=\"1140\" \/>\n\t<meta property=\"og:image:height\" content=\"338\" \/>\n\t<meta property=\"og:image:type\" content=\"image\/jpeg\" \/>\n<meta name=\"twitter:card\" content=\"summary_large_image\" \/>\n<meta name=\"twitter:label1\" content=\"Gesch\u00e4tzte Lesezeit\" \/>\n\t<meta name=\"twitter:data1\" content=\"2\u00a0Minuten\" \/>\n<script type=\"application\/ld+json\" class=\"yoast-schema-graph\">{\"@context\":\"https:\/\/schema.org\",\"@graph\":[{\"@type\":\"WebPage\",\"@id\":\"https:\/\/katholisch-friedrichshafen.de\/stnikolaus\/\",\"url\":\"https:\/\/katholisch-friedrichshafen.de\/stnikolaus\/\",\"name\":\"St. Nikolaus - St. Nikolaus\",\"isPartOf\":{\"@id\":\"https:\/\/katholisch-friedrichshafen.de\/stnikolaus\/#website\"},\"primaryImageOfPage\":{\"@id\":\"https:\/\/katholisch-friedrichshafen.de\/stnikolaus\/#primaryimage\"},\"image\":{\"@id\":\"https:\/\/katholisch-friedrichshafen.de\/stnikolaus\/#primaryimage\"},\"thumbnailUrl\":\"https:\/\/katholisch-friedrichshafen.de\/stnikolaus\/wp-content\/uploads\/sites\/3\/2017\/12\/Bild_breit_StNikolaus-FN-1.jpg\",\"datePublished\":\"2017-12-05T23:16:05+00:00\",\"dateModified\":\"2026-03-18T12:55:18+00:00\",\"breadcrumb\":{\"@id\":\"https:\/\/katholisch-friedrichshafen.de\/stnikolaus\/#breadcrumb\"},\"inLanguage\":\"de\",\"potentialAction\":[{\"@type\":\"ReadAction\",\"target\":[\"https:\/\/katholisch-friedrichshafen.de\/stnikolaus\/\"]}]},{\"@type\":\"ImageObject\",\"inLanguage\":\"de\",\"@id\":\"https:\/\/katholisch-friedrichshafen.de\/stnikolaus\/#primaryimage\",\"url\":\"https:\/\/katholisch-friedrichshafen.de\/stnikolaus\/wp-content\/uploads\/sites\/3\/2017\/12\/Bild_breit_StNikolaus-FN-1.jpg\",\"contentUrl\":\"https:\/\/katholisch-friedrichshafen.de\/stnikolaus\/wp-content\/uploads\/sites\/3\/2017\/12\/Bild_breit_StNikolaus-FN-1.jpg\",\"width\":1140,\"height\":338},{\"@type\":\"BreadcrumbList\",\"@id\":\"https:\/\/katholisch-friedrichshafen.de\/stnikolaus\/#breadcrumb\",\"itemListElement\":[{\"@type\":\"ListItem\",\"position\":1,\"name\":\"Startseite\",\"item\":\"https:\/\/katholisch-friedrichshafen.de\/stnikolaus\/\"},{\"@type\":\"ListItem\",\"position\":2,\"name\":\"St. Nikolaus\"}]},{\"@type\":\"WebSite\",\"@id\":\"https:\/\/katholisch-friedrichshafen.de\/stnikolaus\/#website\",\"url\":\"https:\/\/katholisch-friedrichshafen.de\/stnikolaus\/\",\"name\":\"St. Nikolaus\",\"description\":\"St. Nikolaus\",\"potentialAction\":[{\"@type\":\"SearchAction\",\"target\":{\"@type\":\"EntryPoint\",\"urlTemplate\":\"https:\/\/katholisch-friedrichshafen.de\/stnikolaus\/?s={search_term_string}\"},\"query-input\":{\"@type\":\"PropertyValueSpecification\",\"valueRequired\":true,\"valueName\":\"search_term_string\"}}],\"inLanguage\":\"de\"}]}<\/script>\n<!-- \/ Yoast SEO plugin. -->","yoast_head_json":{"title":"St. Nikolaus - St. Nikolaus","robots":{"index":"index","follow":"follow","max-snippet":"max-snippet:-1","max-image-preview":"max-image-preview:large","max-video-preview":"max-video-preview:-1"},"canonical":"https:\/\/katholisch-friedrichshafen.de\/stnikolaus\/","og_locale":"de_DE","og_type":"article","og_title":"St. Nikolaus - St. Nikolaus","og_description":"Herzlich Willkommen in St. Nikolaus &nbsp; Das neue Jahresprogramm 2026 der Offenen Stadtkirche k\u00f6nnen Sie hier herunterladen: Leporello 2026 oder werfen Sie einen Blick auf unseren Veranstaltungskalender Die Offene Stadtkirche ist auch Teil des Netzwerkes &#8222;SummerSpirit &#8211; Auszeit am Bodensee&#8220;: Das neue Saisonprogramm finden Sie in den Flyern am Schriftenstand oder auf der Homepage der &hellip;","og_url":"https:\/\/katholisch-friedrichshafen.de\/stnikolaus\/","og_site_name":"St. Nikolaus","article_modified_time":"2026-03-18T12:55:18+00:00","og_image":[{"width":1140,"height":338,"url":"https:\/\/katholisch-friedrichshafen.de\/stnikolaus\/wp-content\/uploads\/sites\/3\/2017\/12\/Bild_breit_StNikolaus-FN-1.jpg","type":"image\/jpeg"}],"twitter_card":"summary_large_image","twitter_misc":{"Gesch\u00e4tzte Lesezeit":"2\u00a0Minuten"},"schema":{"@context":"https:\/\/schema.org","@graph":[{"@type":"WebPage","@id":"https:\/\/katholisch-friedrichshafen.de\/stnikolaus\/","url":"https:\/\/katholisch-friedrichshafen.de\/stnikolaus\/","name":"St. Nikolaus - St. Nikolaus","isPartOf":{"@id":"https:\/\/katholisch-friedrichshafen.de\/stnikolaus\/#website"},"primaryImageOfPage":{"@id":"https:\/\/katholisch-friedrichshafen.de\/stnikolaus\/#primaryimage"},"image":{"@id":"https:\/\/katholisch-friedrichshafen.de\/stnikolaus\/#primaryimage"},"thumbnailUrl":"https:\/\/katholisch-friedrichshafen.de\/stnikolaus\/wp-content\/uploads\/sites\/3\/2017\/12\/Bild_breit_StNikolaus-FN-1.jpg","datePublished":"2017-12-05T23:16:05+00:00","dateModified":"2026-03-18T12:55:18+00:00","breadcrumb":{"@id":"https:\/\/katholisch-friedrichshafen.de\/stnikolaus\/#breadcrumb"},"inLanguage":"de","potentialAction":[{"@type":"ReadAction","target":["https:\/\/katholisch-friedrichshafen.de\/stnikolaus\/"]}]},{"@type":"ImageObject","inLanguage":"de","@id":"https:\/\/katholisch-friedrichshafen.de\/stnikolaus\/#primaryimage","url":"https:\/\/katholisch-friedrichshafen.de\/stnikolaus\/wp-content\/uploads\/sites\/3\/2017\/12\/Bild_breit_StNikolaus-FN-1.jpg","contentUrl":"https:\/\/katholisch-friedrichshafen.de\/stnikolaus\/wp-content\/uploads\/sites\/3\/2017\/12\/Bild_breit_StNikolaus-FN-1.jpg","width":1140,"height":338},{"@type":"BreadcrumbList","@id":"https:\/\/katholisch-friedrichshafen.de\/stnikolaus\/#breadcrumb","itemListElement":[{"@type":"ListItem","position":1,"name":"Startseite","item":"https:\/\/katholisch-friedrichshafen.de\/stnikolaus\/"},{"@type":"ListItem","position":2,"name":"St. Nikolaus"}]},{"@type":"WebSite","@id":"https:\/\/katholisch-friedrichshafen.de\/stnikolaus\/#website","url":"https:\/\/katholisch-friedrichshafen.de\/stnikolaus\/","name":"St. Nikolaus","description":"St. Nikolaus","potentialAction":[{"@type":"SearchAction","target":{"@type":"EntryPoint","urlTemplate":"https:\/\/katholisch-friedrichshafen.de\/stnikolaus\/?s={search_term_string}"},"query-input":{"@type":"PropertyValueSpecification","valueRequired":true,"valueName":"search_term_string"}}],"inLanguage":"de"}]}},"_links":{"self":[{"href":"https:\/\/katholisch-friedrichshafen.de\/stnikolaus\/wp-json\/wp\/v2\/pages\/6","targetHints":{"allow":["GET"]}}],"collection":[{"href":"https:\/\/katholisch-friedrichshafen.de\/stnikolaus\/wp-json\/wp\/v2\/pages"}],"about":[{"href":"https:\/\/katholisch-friedrichshafen.de\/stnikolaus\/wp-json\/wp\/v2\/types\/page"}],"author":[{"embeddable":true,"href":"https:\/\/katholisch-friedrichshafen.de\/stnikolaus\/wp-json\/wp\/v2\/users\/30"}],"replies":[{"embeddable":true,"href":"https:\/\/katholisch-friedrichshafen.de\/stnikolaus\/wp-json\/wp\/v2\/comments?post=6"}],"version-history":[{"count":66,"href":"https:\/\/katholisch-friedrichshafen.de\/stnikolaus\/wp-json\/wp\/v2\/pages\/6\/revisions"}],"predecessor-version":[{"id":931,"href":"https:\/\/katholisch-friedrichshafen.de\/stnikolaus\/wp-json\/wp\/v2\/pages\/6\/revisions\/931"}],"wp:featuredmedia":[{"embeddable":true,"href":"https:\/\/katholisch-friedrichshafen.de\/stnikolaus\/wp-json\/wp\/v2\/media\/8"}],"wp:attachment":[{"href":"https:\/\/katholisch-friedrichshafen.de\/stnikolaus\/wp-json\/wp\/v2\/media?parent=6"}],"curies":[{"name":"wp","href":"https:\/\/api.w.org\/{rel}","templated":true}]}}