{"id":213,"date":"2017-12-27T14:41:41","date_gmt":"2017-12-27T13:41:41","guid":{"rendered":"https:\/\/katholisch-friedrichshafen.comlounge.dev\/stnikolaus\/?page_id=213"},"modified":"2019-10-02T16:18:30","modified_gmt":"2019-10-02T14:18:30","slug":"orgel","status":"publish","type":"page","link":"https:\/\/katholisch-friedrichshafen.de\/stnikolaus\/orgel\/","title":{"rendered":"Orgel"},"content":{"rendered":"<p>1750 erbaute Joseph Gabler eine Orgel. Sie wurde stark ver\u00e4ndert, bis im Jahr 1930 nur noch der Prospekt vorhanden war. Dieser ging mit der Kriegszerst\u00f6rung unter.<sup id=\"cite_ref-3\" class=\"reference\"><\/sup><\/p>\n<p>Die derzeitige dreimanualige Orgel mit 47 Registern auf rein mechanischer Traktur stammt aus dem Jahr 1989 und wurde von Gerald Woehl gefertigt. Das R\u00fcckpositiv und das Hauptwerk stehen in klassisch franz\u00f6sischer Pr\u00e4gung, w\u00e4hrend sich das Schwellwerk in Registerwahl und Intonation an den Instrumenten von Cavaill\u00e9-Coll orientiert. Aufgrund der hohen Qualit\u00e4t des Instrumentes wird die Kirche zudem auch als Konzertkirche genutzt. Die Disposition lautet:<\/p>\n<table class=\"toptextcells\" border=\"0\" cellspacing=\"14\" cellpadding=\"10\">\n<tbody>\n<tr>\n<td>\n<table border=\"0\">\n<tbody>\n<tr>\n<td colspan=\"3\"><b>I Positif<\/b> C\u2013a<sup>3<\/sup><\/p>\n<hr \/>\n<\/td>\n<\/tr>\n<tr>\n<td>1.<\/td>\n<td>Bourdon<\/td>\n<td>8\u2032<\/td>\n<\/tr>\n<tr>\n<td>2.<\/td>\n<td>Salicional<\/td>\n<td>8\u2032<\/td>\n<\/tr>\n<tr>\n<td>3.<\/td>\n<td>Prestant<\/td>\n<td>4\u2032<\/td>\n<\/tr>\n<tr>\n<td>4.<\/td>\n<td>Fl\u00fbte \u00e0 chemin\u00e9e<\/td>\n<td>4\u2032<\/td>\n<\/tr>\n<tr>\n<td>5.<\/td>\n<td>Nasard<\/td>\n<td><span class=\"bruch template-frac\">2<span class=\"visualhide\">\u202f<\/span><sup>2<\/sup>\u2044<sub>3<\/sub><\/span>\u2032<\/td>\n<\/tr>\n<tr>\n<td>6.<\/td>\n<td>Doublette<\/td>\n<td>2\u2032<\/td>\n<\/tr>\n<tr>\n<td>7.<\/td>\n<td>Larigot<\/td>\n<td><span class=\"bruch template-frac\">1<span class=\"visualhide\">\u202f<\/span><sup>1<\/sup>\u2044<sub>3<\/sub><\/span>\u2032<\/td>\n<\/tr>\n<tr>\n<td>8.<\/td>\n<td>Tierce<\/td>\n<td><span class=\"bruch template-frac\">1<span class=\"visualhide\">\u202f<\/span><sup>3<\/sup>\u2044<sub>5<\/sub><\/span>\u2032<\/td>\n<\/tr>\n<tr>\n<td>9.<\/td>\n<td>Fourniture IV<\/td>\n<\/tr>\n<tr>\n<td>10.<\/td>\n<td>Cromorne<\/td>\n<td>8\u2032<\/td>\n<\/tr>\n<tr>\n<td><\/td>\n<td><i><a title=\"Tremulant\" href=\"https:\/\/de.wikipedia.org\/wiki\/Tremulant\">Tremblant<\/a> doux<\/i><\/td>\n<\/tr>\n<\/tbody>\n<\/table>\n<\/td>\n<td>\n<table border=\"0\">\n<tbody>\n<tr>\n<td colspan=\"3\"><b>II Grand-Orgue<\/b> C\u2013a<sup>3<\/sup><\/p>\n<hr \/>\n<\/td>\n<\/tr>\n<tr>\n<td>11.<\/td>\n<td>Bourdon<\/td>\n<td>16\u2032<\/td>\n<\/tr>\n<tr>\n<td>12.<\/td>\n<td>Montre<\/td>\n<td>8\u2032<\/td>\n<\/tr>\n<tr>\n<td>13.<\/td>\n<td>Bourdon<\/td>\n<td>8\u2032<\/td>\n<\/tr>\n<tr>\n<td>14.<\/td>\n<td>Fl\u00fbte harmonique<\/td>\n<td>8\u2032<\/td>\n<\/tr>\n<tr>\n<td>15.<\/td>\n<td>Gambe<\/td>\n<td>8\u2032<\/td>\n<\/tr>\n<tr>\n<td>16.<\/td>\n<td>Prestant<\/td>\n<td>4\u2032<\/td>\n<\/tr>\n<tr>\n<td>17.<\/td>\n<td>Fl\u00fbte douce<\/td>\n<td>4\u2032<\/td>\n<\/tr>\n<tr>\n<td>18.<\/td>\n<td>Grosse Tierce<\/td>\n<td><span class=\"bruch template-frac\">3<span class=\"visualhide\">\u202f<\/span><sup>1<\/sup>\u2044<sub>5<\/sub><\/span>\u2032<\/td>\n<\/tr>\n<tr>\n<td>19.<\/td>\n<td>Quinte<\/td>\n<td><span class=\"bruch template-frac\">2<span class=\"visualhide\">\u202f<\/span><sup>2<\/sup>\u2044<sub>3<\/sub><\/span>\u2032<\/td>\n<\/tr>\n<tr>\n<td>20.<\/td>\n<td>Doublette<\/td>\n<td>2\u2032<\/td>\n<\/tr>\n<tr>\n<td>21.<\/td>\n<td>Fourniture IV<\/td>\n<td><\/td>\n<\/tr>\n<tr>\n<td>22.<\/td>\n<td>Cimbale III<\/td>\n<td><\/td>\n<\/tr>\n<tr>\n<td>23.<\/td>\n<td>Cornet V<\/td>\n<td><\/td>\n<\/tr>\n<tr>\n<td>24.<\/td>\n<td>Trompette<\/td>\n<td>8\u2032<\/td>\n<\/tr>\n<tr>\n<td>25.<\/td>\n<td>Clairon<\/td>\n<td>4\u2032<\/td>\n<\/tr>\n<\/tbody>\n<\/table>\n<\/td>\n<td>\n<table border=\"0\">\n<tbody>\n<tr>\n<td colspan=\"3\"><b>III R\u00e9cit expressif<\/b> C\u2013a<sup>3<\/sup><\/p>\n<hr \/>\n<\/td>\n<\/tr>\n<tr>\n<td>26.<\/td>\n<td>Quintaton<\/td>\n<td>16\u2032<\/td>\n<\/tr>\n<tr>\n<td>27.<\/td>\n<td>Diapason<\/td>\n<td>8\u2032<\/td>\n<\/tr>\n<tr>\n<td>28.<\/td>\n<td>Bourdon<\/td>\n<td>8\u2032<\/td>\n<\/tr>\n<tr>\n<td>29.<\/td>\n<td>Fl\u00fbte traversi\u00e8re<\/td>\n<td>8\u2032<\/td>\n<\/tr>\n<tr>\n<td>30.<\/td>\n<td>Viole de Gambe<\/td>\n<td>8\u2032<\/td>\n<\/tr>\n<tr>\n<td>31.<\/td>\n<td>Voix c\u00e9leste<\/td>\n<td>8\u2032<\/td>\n<\/tr>\n<tr>\n<td>32.<\/td>\n<td>Fugara<\/td>\n<td>4\u2032<\/td>\n<\/tr>\n<tr>\n<td>33.<\/td>\n<td>Fl\u00fbte octaviante<\/td>\n<td>4\u2032<\/td>\n<\/tr>\n<tr>\n<td>34.<\/td>\n<td>Oktavin<\/td>\n<td>2\u2032<\/td>\n<\/tr>\n<tr>\n<td>35.<\/td>\n<td>Harmonia aethera<\/td>\n<td><\/td>\n<\/tr>\n<tr>\n<td>36.<\/td>\n<td>Trompette harmonique<\/td>\n<td>8\u2032<\/td>\n<\/tr>\n<tr>\n<td>37.<\/td>\n<td>Basson-Hautbois<\/td>\n<td>8\u2032<\/td>\n<\/tr>\n<tr>\n<td>38.<\/td>\n<td>Voix humaine<\/td>\n<td>8\u2032<\/td>\n<\/tr>\n<tr>\n<td>39.<\/td>\n<td>Clairon harmonique<\/td>\n<td>4\u2032<\/td>\n<\/tr>\n<tr>\n<td><\/td>\n<td><i>Tremblant fort<\/i><\/td>\n<\/tr>\n<\/tbody>\n<\/table>\n<\/td>\n<td>\n<table border=\"0\">\n<tbody>\n<tr>\n<td colspan=\"2\"><b>P\u00e9dale<\/b> C\u2013f<sup>1<\/sup><\/p>\n<hr \/>\n<\/td>\n<\/tr>\n<tr>\n<td>40.<\/td>\n<td>Contrebasse<\/td>\n<td>16\u2032<\/td>\n<\/tr>\n<tr>\n<td><i>41.<\/i><\/td>\n<td><i>Bourdon <small>(= Nr. 11)<\/small><\/i><\/td>\n<td><i>16\u2032<\/i><\/td>\n<\/tr>\n<tr>\n<td>42.<\/td>\n<td>Grosse Quinte<\/td>\n<td><span class=\"bruch template-frac\">10<span class=\"visualhide\">\u202f<\/span><sup>2<\/sup>\u2044<sub>3<\/sub><\/span>\u2032<\/td>\n<\/tr>\n<tr>\n<td>43.<\/td>\n<td>Basse<\/td>\n<td>8\u2032<\/td>\n<\/tr>\n<tr>\n<td>44.<\/td>\n<td>Octave<\/td>\n<td>4\u2032<\/td>\n<\/tr>\n<tr>\n<td>45.<\/td>\n<td>Bombarde<\/td>\n<td>16\u2032<\/td>\n<\/tr>\n<tr>\n<td>46.<\/td>\n<td>Trompette<\/td>\n<td>8\u2032<\/td>\n<\/tr>\n<tr>\n<td>47.<\/td>\n<td>Clairon<\/td>\n<td>4\u2032<\/td>\n<\/tr>\n<\/tbody>\n<\/table>\n<\/td>\n<\/tr>\n<\/tbody>\n<\/table>\n<p>&nbsp;<\/p>\n<p><i>Koppeln:<\/i><\/p>\n<ul>\n<li><i>Normalkoppeln:<\/i> I\/II, III\/II, III\/I, I\/P, II\/P, III\/P<\/li>\n<li><i>Suboktavkoppeln:<\/i> III\/II, II\/II<\/li>\n<\/ul>\n<p><img fetchpriority=\"high\" decoding=\"async\" class=\"alignnone size-medium\" src=\"https:\/\/upload.wikimedia.org\/wikipedia\/commons\/thumb\/a\/ae\/Friedrichshafen_St_Nikolaus_Orgelspieltisch.jpg\/800px-Friedrichshafen_St_Nikolaus_Orgelspieltisch.jpg\" width=\"800\" height=\"1067\" \/><\/p>\n","protected":false},"excerpt":{"rendered":"<p>1750 erbaute Joseph Gabler eine Orgel. Sie wurde stark ver\u00e4ndert, bis im Jahr 1930 nur noch der Prospekt vorhanden war. Dieser ging mit der Kriegszerst\u00f6rung unter. Die derzeitige dreimanualige Orgel mit 47 Registern auf rein mechanischer Traktur stammt aus dem Jahr 1989 und wurde von Gerald Woehl gefertigt. Das R\u00fcckpositiv und das Hauptwerk stehen in &hellip;<\/p>\n","protected":false},"author":5,"featured_media":346,"parent":0,"menu_order":0,"comment_status":"closed","ping_status":"closed","template":"","meta":{"_acf_changed":false,"footnotes":""},"class_list":["post-213","page","type-page","status-publish","has-post-thumbnail","hentry","angebot-musik"],"acf":[],"yoast_head":"<!-- This site is optimized with the Yoast SEO plugin v27.2 - https:\/\/yoast.com\/product\/yoast-seo-wordpress\/ -->\n<title>Orgel - St. Nikolaus<\/title>\n<meta name=\"robots\" content=\"index, follow, max-snippet:-1, max-image-preview:large, max-video-preview:-1\" \/>\n<link rel=\"canonical\" href=\"https:\/\/katholisch-friedrichshafen.de\/stnikolaus\/orgel\/\" \/>\n<meta property=\"og:locale\" content=\"de_DE\" \/>\n<meta property=\"og:type\" content=\"article\" \/>\n<meta property=\"og:title\" content=\"Orgel - St. Nikolaus\" \/>\n<meta property=\"og:description\" content=\"1750 erbaute Joseph Gabler eine Orgel. Sie wurde stark ver\u00e4ndert, bis im Jahr 1930 nur noch der Prospekt vorhanden war. Dieser ging mit der Kriegszerst\u00f6rung unter. Die derzeitige dreimanualige Orgel mit 47 Registern auf rein mechanischer Traktur stammt aus dem Jahr 1989 und wurde von Gerald Woehl gefertigt. Das R\u00fcckpositiv und das Hauptwerk stehen in &hellip;\" \/>\n<meta property=\"og:url\" content=\"https:\/\/katholisch-friedrichshafen.de\/stnikolaus\/orgel\/\" \/>\n<meta property=\"og:site_name\" content=\"St. Nikolaus\" \/>\n<meta property=\"article:modified_time\" content=\"2019-10-02T14:18:30+00:00\" \/>\n<meta property=\"og:image\" content=\"https:\/\/katholisch-friedrichshafen.de\/stnikolaus\/wp-content\/uploads\/sites\/3\/2018\/01\/06Orgelempore.jpg\" \/>\n\t<meta property=\"og:image:width\" content=\"1280\" \/>\n\t<meta property=\"og:image:height\" content=\"1920\" \/>\n\t<meta property=\"og:image:type\" content=\"image\/jpeg\" \/>\n<meta name=\"twitter:card\" content=\"summary_large_image\" \/>\n<meta name=\"twitter:label1\" content=\"Gesch\u00e4tzte Lesezeit\" \/>\n\t<meta name=\"twitter:data1\" content=\"1\u00a0Minute\" \/>\n<script type=\"application\/ld+json\" class=\"yoast-schema-graph\">{\"@context\":\"https:\/\/schema.org\",\"@graph\":[{\"@type\":\"WebPage\",\"@id\":\"https:\/\/katholisch-friedrichshafen.de\/stnikolaus\/orgel\/\",\"url\":\"https:\/\/katholisch-friedrichshafen.de\/stnikolaus\/orgel\/\",\"name\":\"Orgel - St. Nikolaus\",\"isPartOf\":{\"@id\":\"https:\/\/katholisch-friedrichshafen.de\/stnikolaus\/#website\"},\"primaryImageOfPage\":{\"@id\":\"https:\/\/katholisch-friedrichshafen.de\/stnikolaus\/orgel\/#primaryimage\"},\"image\":{\"@id\":\"https:\/\/katholisch-friedrichshafen.de\/stnikolaus\/orgel\/#primaryimage\"},\"thumbnailUrl\":\"https:\/\/katholisch-friedrichshafen.de\/stnikolaus\/wp-content\/uploads\/sites\/3\/2018\/01\/06Orgelempore.jpg\",\"datePublished\":\"2017-12-27T13:41:41+00:00\",\"dateModified\":\"2019-10-02T14:18:30+00:00\",\"breadcrumb\":{\"@id\":\"https:\/\/katholisch-friedrichshafen.de\/stnikolaus\/orgel\/#breadcrumb\"},\"inLanguage\":\"de\",\"potentialAction\":[{\"@type\":\"ReadAction\",\"target\":[\"https:\/\/katholisch-friedrichshafen.de\/stnikolaus\/orgel\/\"]}]},{\"@type\":\"ImageObject\",\"inLanguage\":\"de\",\"@id\":\"https:\/\/katholisch-friedrichshafen.de\/stnikolaus\/orgel\/#primaryimage\",\"url\":\"https:\/\/katholisch-friedrichshafen.de\/stnikolaus\/wp-content\/uploads\/sites\/3\/2018\/01\/06Orgelempore.jpg\",\"contentUrl\":\"https:\/\/katholisch-friedrichshafen.de\/stnikolaus\/wp-content\/uploads\/sites\/3\/2018\/01\/06Orgelempore.jpg\",\"width\":1280,\"height\":1920},{\"@type\":\"BreadcrumbList\",\"@id\":\"https:\/\/katholisch-friedrichshafen.de\/stnikolaus\/orgel\/#breadcrumb\",\"itemListElement\":[{\"@type\":\"ListItem\",\"position\":1,\"name\":\"Startseite\",\"item\":\"https:\/\/katholisch-friedrichshafen.de\/stnikolaus\/\"},{\"@type\":\"ListItem\",\"position\":2,\"name\":\"Orgel\"}]},{\"@type\":\"WebSite\",\"@id\":\"https:\/\/katholisch-friedrichshafen.de\/stnikolaus\/#website\",\"url\":\"https:\/\/katholisch-friedrichshafen.de\/stnikolaus\/\",\"name\":\"St. Nikolaus\",\"description\":\"St. Nikolaus\",\"potentialAction\":[{\"@type\":\"SearchAction\",\"target\":{\"@type\":\"EntryPoint\",\"urlTemplate\":\"https:\/\/katholisch-friedrichshafen.de\/stnikolaus\/?s={search_term_string}\"},\"query-input\":{\"@type\":\"PropertyValueSpecification\",\"valueRequired\":true,\"valueName\":\"search_term_string\"}}],\"inLanguage\":\"de\"}]}<\/script>\n<!-- \/ Yoast SEO plugin. -->","yoast_head_json":{"title":"Orgel - St. Nikolaus","robots":{"index":"index","follow":"follow","max-snippet":"max-snippet:-1","max-image-preview":"max-image-preview:large","max-video-preview":"max-video-preview:-1"},"canonical":"https:\/\/katholisch-friedrichshafen.de\/stnikolaus\/orgel\/","og_locale":"de_DE","og_type":"article","og_title":"Orgel - St. Nikolaus","og_description":"1750 erbaute Joseph Gabler eine Orgel. Sie wurde stark ver\u00e4ndert, bis im Jahr 1930 nur noch der Prospekt vorhanden war. Dieser ging mit der Kriegszerst\u00f6rung unter. Die derzeitige dreimanualige Orgel mit 47 Registern auf rein mechanischer Traktur stammt aus dem Jahr 1989 und wurde von Gerald Woehl gefertigt. Das R\u00fcckpositiv und das Hauptwerk stehen in &hellip;","og_url":"https:\/\/katholisch-friedrichshafen.de\/stnikolaus\/orgel\/","og_site_name":"St. Nikolaus","article_modified_time":"2019-10-02T14:18:30+00:00","og_image":[{"width":1280,"height":1920,"url":"https:\/\/katholisch-friedrichshafen.de\/stnikolaus\/wp-content\/uploads\/sites\/3\/2018\/01\/06Orgelempore.jpg","type":"image\/jpeg"}],"twitter_card":"summary_large_image","twitter_misc":{"Gesch\u00e4tzte Lesezeit":"1\u00a0Minute"},"schema":{"@context":"https:\/\/schema.org","@graph":[{"@type":"WebPage","@id":"https:\/\/katholisch-friedrichshafen.de\/stnikolaus\/orgel\/","url":"https:\/\/katholisch-friedrichshafen.de\/stnikolaus\/orgel\/","name":"Orgel - St. Nikolaus","isPartOf":{"@id":"https:\/\/katholisch-friedrichshafen.de\/stnikolaus\/#website"},"primaryImageOfPage":{"@id":"https:\/\/katholisch-friedrichshafen.de\/stnikolaus\/orgel\/#primaryimage"},"image":{"@id":"https:\/\/katholisch-friedrichshafen.de\/stnikolaus\/orgel\/#primaryimage"},"thumbnailUrl":"https:\/\/katholisch-friedrichshafen.de\/stnikolaus\/wp-content\/uploads\/sites\/3\/2018\/01\/06Orgelempore.jpg","datePublished":"2017-12-27T13:41:41+00:00","dateModified":"2019-10-02T14:18:30+00:00","breadcrumb":{"@id":"https:\/\/katholisch-friedrichshafen.de\/stnikolaus\/orgel\/#breadcrumb"},"inLanguage":"de","potentialAction":[{"@type":"ReadAction","target":["https:\/\/katholisch-friedrichshafen.de\/stnikolaus\/orgel\/"]}]},{"@type":"ImageObject","inLanguage":"de","@id":"https:\/\/katholisch-friedrichshafen.de\/stnikolaus\/orgel\/#primaryimage","url":"https:\/\/katholisch-friedrichshafen.de\/stnikolaus\/wp-content\/uploads\/sites\/3\/2018\/01\/06Orgelempore.jpg","contentUrl":"https:\/\/katholisch-friedrichshafen.de\/stnikolaus\/wp-content\/uploads\/sites\/3\/2018\/01\/06Orgelempore.jpg","width":1280,"height":1920},{"@type":"BreadcrumbList","@id":"https:\/\/katholisch-friedrichshafen.de\/stnikolaus\/orgel\/#breadcrumb","itemListElement":[{"@type":"ListItem","position":1,"name":"Startseite","item":"https:\/\/katholisch-friedrichshafen.de\/stnikolaus\/"},{"@type":"ListItem","position":2,"name":"Orgel"}]},{"@type":"WebSite","@id":"https:\/\/katholisch-friedrichshafen.de\/stnikolaus\/#website","url":"https:\/\/katholisch-friedrichshafen.de\/stnikolaus\/","name":"St. Nikolaus","description":"St. Nikolaus","potentialAction":[{"@type":"SearchAction","target":{"@type":"EntryPoint","urlTemplate":"https:\/\/katholisch-friedrichshafen.de\/stnikolaus\/?s={search_term_string}"},"query-input":{"@type":"PropertyValueSpecification","valueRequired":true,"valueName":"search_term_string"}}],"inLanguage":"de"}]}},"_links":{"self":[{"href":"https:\/\/katholisch-friedrichshafen.de\/stnikolaus\/wp-json\/wp\/v2\/pages\/213","targetHints":{"allow":["GET"]}}],"collection":[{"href":"https:\/\/katholisch-friedrichshafen.de\/stnikolaus\/wp-json\/wp\/v2\/pages"}],"about":[{"href":"https:\/\/katholisch-friedrichshafen.de\/stnikolaus\/wp-json\/wp\/v2\/types\/page"}],"author":[{"embeddable":true,"href":"https:\/\/katholisch-friedrichshafen.de\/stnikolaus\/wp-json\/wp\/v2\/users\/5"}],"replies":[{"embeddable":true,"href":"https:\/\/katholisch-friedrichshafen.de\/stnikolaus\/wp-json\/wp\/v2\/comments?post=213"}],"version-history":[{"count":8,"href":"https:\/\/katholisch-friedrichshafen.de\/stnikolaus\/wp-json\/wp\/v2\/pages\/213\/revisions"}],"predecessor-version":[{"id":606,"href":"https:\/\/katholisch-friedrichshafen.de\/stnikolaus\/wp-json\/wp\/v2\/pages\/213\/revisions\/606"}],"wp:featuredmedia":[{"embeddable":true,"href":"https:\/\/katholisch-friedrichshafen.de\/stnikolaus\/wp-json\/wp\/v2\/media\/346"}],"wp:attachment":[{"href":"https:\/\/katholisch-friedrichshafen.de\/stnikolaus\/wp-json\/wp\/v2\/media?parent=213"}],"curies":[{"name":"wp","href":"https:\/\/api.w.org\/{rel}","templated":true}]}}